{"id":732,"date":"2023-12-29T09:26:27","date_gmt":"2023-12-29T09:26:27","guid":{"rendered":"https:\/\/innovecouture.vamtam.com\/?page_id=732"},"modified":"2024-09-28T16:45:16","modified_gmt":"2024-09-28T16:45:16","slug":"order-status","status":"publish","type":"page","link":"https:\/\/pollyclosetfashion.com.br\/en\/order-status\/","title":{"rendered":"Status do pedido"},"content":{"rendered":"<div data-elementor-type=\"wp-page\" data-elementor-id=\"732\" class=\"elementor elementor-732\" data-elementor-post-type=\"page\">\n\t\t\t\t<div class=\"elementor-element elementor-element-43c5ee3 e-flex e-con-boxed e-con e-parent\" data-id=\"43c5ee3\" data-element_type=\"container\" data-e-type=\"container\">\n\t\t\t\t\t<div class=\"e-con-inner\">\n\t\t\t\t<div class=\"elementor-element elementor-element-a96a90d elementor-widget elementor-widget-text-editor\" data-id=\"a96a90d\" data-element_type=\"widget\" data-e-type=\"widget\" data-widget_type=\"text-editor.default\">\n\t\t\t\t<div class=\"elementor-widget-container\">\n\t\t\t\t\t\t\t\t\t<h4><span style=\"color: #5a4625;\"><b>Monitore o status do seu pedido com facilidade!<br \/><\/b><\/span><\/h4><p>Para rastrear ou cancelar seu pedido, por favor, insira o n\u00famero do pedido e o endere\u00e7o de e-mail utilizado na compra. Se voc\u00ea estiver dentro do per\u00edodo de arrependimento de 30 minutos, selecione a op\u00e7\u00e3o &#8216;Cancelar pedido&#8217; ao ser direcionado para a p\u00e1gina de rastreamento.<\/p>\t\t\t\t\t\t\t\t<\/div>\n\t\t\t\t<\/div>\n\t\t\t\t<div class=\"vamtam-has-theme-widget-styles elementor-element elementor-element-0508bce elementor-widget__width-initial elementor-widget-mobile__width-inherit elementor-widget elementor-widget-wc-elements\" data-id=\"0508bce\" data-element_type=\"widget\" data-e-type=\"widget\" data-widget_type=\"wc-elements.default\">\n\t\t\t\t<div class=\"elementor-widget-container\">\n\t\t\t\t\t<div class=\"woocommerce\"><\/div>\t\t\t\t<\/div>\n\t\t\t\t<\/div>\n\t\t\t\t\t<\/div>\n\t\t\t\t<\/div>\n\t\t\t\t<\/div>","protected":false},"excerpt":{"rendered":"<p>Acompanhar meu pedido<\/p>","protected":false},"author":2,"featured_media":0,"parent":0,"menu_order":0,"comment_status":"closed","ping_status":"closed","template":"","meta":{"_joinchat":[],"footnotes":""},"class_list":["post-732","page","type-page","status-publish","hentry"],"_links":{"self":[{"href":"https:\/\/pollyclosetfashion.com.br\/en\/wp-json\/wp\/v2\/pages\/732"}],"collection":[{"href":"https:\/\/pollyclosetfashion.com.br\/en\/wp-json\/wp\/v2\/pages"}],"about":[{"href":"https:\/\/pollyclosetfashion.com.br\/en\/wp-json\/wp\/v2\/types\/page"}],"author":[{"embeddable":true,"href":"https:\/\/pollyclosetfashion.com.br\/en\/wp-json\/wp\/v2\/users\/2"}],"replies":[{"embeddable":true,"href":"https:\/\/pollyclosetfashion.com.br\/en\/wp-json\/wp\/v2\/comments?post=732"}],"version-history":[{"count":10,"href":"https:\/\/pollyclosetfashion.com.br\/en\/wp-json\/wp\/v2\/pages\/732\/revisions"}],"predecessor-version":[{"id":989250,"href":"https:\/\/pollyclosetfashion.com.br\/en\/wp-json\/wp\/v2\/pages\/732\/revisions\/989250"}],"wp:attachment":[{"href":"https:\/\/pollyclosetfashion.com.br\/en\/wp-json\/wp\/v2\/media?parent=732"}],"curies":[{"name":"wp","href":"https:\/\/api.w.org\/{rel}","templated":true}]}}