{"id":988489,"date":"2024-08-09T13:59:05","date_gmt":"2024-08-09T13:59:05","guid":{"rendered":"https:\/\/pollycloset.waleedabbas.com\/?page_id=988489"},"modified":"2024-10-19T09:47:33","modified_gmt":"2024-10-19T09:47:33","slug":"about-us","status":"publish","type":"page","link":"https:\/\/pollyclosetfashion.com.br\/en\/about-us\/","title":{"rendered":"About Us"},"content":{"rendered":"<div data-elementor-type=\"wp-page\" data-elementor-id=\"988489\" class=\"elementor elementor-988489\" data-elementor-post-type=\"page\">\n\t\t\t\t<div class=\"elementor-element elementor-element-c4e042d e-flex e-con-boxed e-con e-parent\" data-id=\"c4e042d\" data-element_type=\"container\" data-e-type=\"container\" data-settings=\"{&quot;background_background&quot;:&quot;classic&quot;}\">\n\t\t\t\t\t<div class=\"e-con-inner\">\n\t\t\t\t\t<\/div>\n\t\t\t\t<\/div>\n\t\t<div class=\"elementor-element elementor-element-4b4d57f e-flex e-con-boxed e-con e-parent\" data-id=\"4b4d57f\" data-element_type=\"container\" data-e-type=\"container\">\n\t\t\t\t\t<div class=\"e-con-inner\">\n\t\t<div class=\"elementor-element elementor-element-5cc502b e-con-full e-flex e-con e-child\" data-id=\"5cc502b\" data-element_type=\"container\" data-e-type=\"container\" data-settings=\"{&quot;background_background&quot;:&quot;classic&quot;}\">\n\t\t\t\t<div class=\"elementor-element elementor-element-c450956 elementor-widget elementor-widget-heading\" data-id=\"c450956\" data-element_type=\"widget\" data-e-type=\"widget\" data-widget_type=\"heading.default\">\n\t\t\t\t<div class=\"elementor-widget-container\">\n\t\t\t\t\t<h2 class=\"elementor-heading-title elementor-size-default\">Sobre a Polly Closet Fashion<\/h2>\t\t\t\t<\/div>\n\t\t\t\t<\/div>\n\t\t\t\t<div class=\"vamtam-has-theme-widget-styles elementor-element elementor-element-c2ddc58 elementor-tabs-view-vertical elementor-widget elementor-widget-tabs\" data-id=\"c2ddc58\" data-element_type=\"widget\" data-e-type=\"widget\" data-widget_type=\"tabs.default\">\n\t\t\t\t<div class=\"elementor-widget-container\">\n\t\t\t\t\t\t\t<div class=\"elementor-tabs\">\n\t\t\t<div class=\"elementor-tabs-wrapper\" role=\"tablist\" >\n\t\t\t\t\t\t\t\t\t<div id=\"elementor-tab-title-2041\" class=\"elementor-tab-title elementor-tab-desktop-title\" aria-selected=\"true\" data-tab=\"1\" role=\"tab\" tabindex=\"0\" aria-controls=\"elementor-tab-content-2041\" aria-expanded=\"false\">Nossa Hist\u00f3ria<\/div>\n\t\t\t\t\t\t\t\t\t<div id=\"elementor-tab-title-2042\" class=\"elementor-tab-title elementor-tab-desktop-title\" aria-selected=\"false\" data-tab=\"2\" role=\"tab\" tabindex=\"-1\" aria-controls=\"elementor-tab-content-2042\" aria-expanded=\"false\">Nossa Cultura<\/div>\n\t\t\t\t\t\t\t\t\t<div id=\"elementor-tab-title-2043\" class=\"elementor-tab-title elementor-tab-desktop-title\" aria-selected=\"false\" data-tab=\"3\" role=\"tab\" tabindex=\"-1\" aria-controls=\"elementor-tab-content-2043\" aria-expanded=\"false\">Nossos Valores<\/div>\n\t\t\t\t\t\t\t<\/div>\n\t\t\t<div class=\"elementor-tabs-content-wrapper\" role=\"tablist\" aria-orientation=\"vertical\">\n\t\t\t\t\t\t\t\t\t<div class=\"elementor-tab-title elementor-tab-mobile-title\" aria-selected=\"true\" data-tab=\"1\" role=\"tab\" tabindex=\"0\" aria-controls=\"elementor-tab-content-2041\" aria-expanded=\"false\">Nossa Hist\u00f3ria<\/div>\n\t\t\t\t\t<div id=\"elementor-tab-content-2041\" class=\"elementor-tab-content elementor-clearfix\" data-tab=\"1\" role=\"tabpanel\" aria-labelledby=\"elementor-tab-title-2041\" tabindex=\"0\" hidden=\"false\"><p>Fundada em 2018 por Polliana Freire, a Polly Closet Fashion nasceu da paix\u00e3o pela moda e da vis\u00e3o de preencher uma lacuna no mercado de moda feminina. Naquela \u00e9poca, muitas mulheres lutavam para encontrar roupas que unissem eleg\u00e2ncia, versatilidade e durabilidade, ideais para o dia a dia moderno. Percebendo essa necessidade, Polliana decidiu criar uma marca que oferecesse pe\u00e7as que pudessem transitar perfeitamente entre ambientes formais e casuais, sem perder a sofistica\u00e7\u00e3o.<\/p><p>Desde o in\u00edcio, a Polly Closet Fashion se destacou pela sele\u00e7\u00e3o rigorosa de materiais e aten\u00e7\u00e3o aos detalhes em cada pe\u00e7a. Polliana fez quest\u00e3o de trabalhar com fornecedores confi\u00e1veis, garantindo que cada item fosse feito com tecidos de primeira linha, o que se reflete na durabilidade e acabamento superior das pe\u00e7as.<\/p><p>O sucesso foi r\u00e1pido e natural, consolidando a marca como sin\u00f4nimo de estilo e qualidade, principalmente por suas cal\u00e7as de alfaiataria, que se tornaram refer\u00eancia para mulheres que buscam eleg\u00e2ncia no dia a dia. Com a inaugura\u00e7\u00e3o da primeira loja no Mega Moda Shopping em Goi\u00e2nia, a marca se expandiu rapidamente, se tornando uma das maiores atacadistas e varejistas da regi\u00e3o 44 de Goi\u00e1s.<\/p><p>Hoje, operamos tr\u00eas lojas f\u00edsicas e uma loja online que atende todo o Brasil. Nossa oferta cresceu al\u00e9m da moda feminina para incluir cal\u00e7ados, joias, rel\u00f3gios, cosm\u00e9ticos e eletr\u00f4nicos, sempre mantendo nossos clientes no centro de nossas inova\u00e7\u00f5es e estrat\u00e9gias.<\/p><\/div>\n\t\t\t\t\t\t\t\t\t<div class=\"elementor-tab-title elementor-tab-mobile-title\" aria-selected=\"false\" data-tab=\"2\" role=\"tab\" tabindex=\"-1\" aria-controls=\"elementor-tab-content-2042\" aria-expanded=\"false\">Nossa Cultura<\/div>\n\t\t\t\t\t<div id=\"elementor-tab-content-2042\" class=\"elementor-tab-content elementor-clearfix\" data-tab=\"2\" role=\"tabpanel\" aria-labelledby=\"elementor-tab-title-2042\" tabindex=\"0\" hidden=\"hidden\"><h1 style=\"font-size: 3em;\">Nossa Cultura<\/h1><p><b>Our Brand: Positioning<\/b><\/p><p>We are the fashion brand that brings new and beautiful things, awakening desire and bringing joy to our customers. We constantly reinvent ourselves to create unique experiences through fashion.<\/p><p>We are cheerful, vibrant and full of energy, believing in diversity and fashion as an individual expression.<\/p><p><b><br \/>Nossa Paix\u00e3o: Manifesto<\/b><\/p><p><br \/>Acreditamos na moda que liberta e real\u00e7a o que h\u00e1 de mais especial em cada pessoa.<br \/><br \/><\/p><p>Inspiramos com ousadia e inova\u00e7\u00e3o, comprometidas com a sustentabilidade e os valores que nos definem.<br \/><br \/><\/p><p>Mais do que seguir tend\u00eancias, buscamos a alegria de ajudar nossos clientes a se expressarem como desejam. Orgulhosos de ser Polly Closet Fashion!<\/p><p><b><br \/>Nosso Prop\u00f3sito: Raz\u00e3o de Existir<\/b><\/p><p><br \/>Impactar as pessoas para que elas possam ser quem elas querem ser atrav\u00e9s da moda.<\/p><p><b><br \/>Nossa Miss\u00e3o: O Que Faremos Agora<\/b><\/p><p><br \/>Crescer como a marca de moda preferida dos brasileiros, oferecendo uma experi\u00eancia omnicanal com calor humano e evolu\u00e7\u00e3o cont\u00ednua de nossos produtos e servi\u00e7os.<\/p><p><b><br \/>Nossa Vis\u00e3o: Nosso Sonho<\/b><\/p><p>Ser a melhor e mais querida empresa de moda do Brasil.<\/p><\/div>\n\t\t\t\t\t\t\t\t\t<div class=\"elementor-tab-title elementor-tab-mobile-title\" aria-selected=\"false\" data-tab=\"3\" role=\"tab\" tabindex=\"-1\" aria-controls=\"elementor-tab-content-2043\" aria-expanded=\"false\">Nossos Valores<\/div>\n\t\t\t\t\t<div id=\"elementor-tab-content-2043\" class=\"elementor-tab-content elementor-clearfix\" data-tab=\"3\" role=\"tabpanel\" aria-labelledby=\"elementor-tab-title-2043\" tabindex=\"0\" hidden=\"hidden\"><h1 style=\"font-size: 3em;\">Nossos Valores<\/h1><p>O cliente \u00e9 tudo<br \/><br \/><br \/>Colocamos o cliente no centro de tudo o que fazemos, buscando sempre superar suas expectativas.<br \/><br \/><br \/><b>Paix\u00e3o por Moda e Produtos<\/b><br \/><br \/><br \/>Amamos moda e estamos comprometidos com a qualidade dos nossos produtos.<br \/><br \/><br \/><b>Dinamismo e Trabalho em Equipe<\/b><br \/><br \/><br \/>Valorizamos a agilidade e a colabora\u00e7\u00e3o, acreditando que juntos somos mais fortes.<br \/><br \/><br \/><b>Respeito, \u00c9tica e Diversidade<\/b><br \/><br \/><br \/>Respeito, \u00e9tica e diversidade s\u00e3o inegoci\u00e1veis \u200b\u200bem nossas pr\u00e1ticas e intera\u00e7\u00f5es.<br \/><br \/><br \/><b>Alegria e Orgulho<\/b><br \/><br \/><br \/>N\u00f3s nos divertimos no trabalho e temos orgulho de fazer parte da Polly Closet Fashion.<\/p><\/div>\n\t\t\t\t\t\t\t<\/div>\n\t\t<\/div>\n\t\t\t\t\t\t<\/div>\n\t\t\t\t<\/div>\n\t\t\t\t<\/div>\n\t\t\t\t\t<\/div>\n\t\t\t\t<\/div>\n\t\t\t\t<\/div>","protected":false},"excerpt":{"rendered":"<p>Sobre a Polly Closet Fashion Nossa Hist\u00f3ria Nossa Cultura Nossos Valores Nossa Hist\u00f3ria Fundada em 2018 por Polliana Freire, a Polly Closet Fashion nasceu da paix\u00e3o pela moda e da vis\u00e3o de preencher uma lacuna no mercado de moda feminina. Naquela \u00e9poca, muitas mulheres lutavam para encontrar roupas que unissem eleg\u00e2ncia, versatilidade e durabilidade, ideais&#8230;<\/p>","protected":false},"author":2,"featured_media":0,"parent":0,"menu_order":0,"comment_status":"closed","ping_status":"closed","template":"","meta":{"_joinchat":[],"footnotes":""},"class_list":["post-988489","page","type-page","status-publish","hentry"],"_links":{"self":[{"href":"https:\/\/pollyclosetfashion.com.br\/en\/wp-json\/wp\/v2\/pages\/988489"}],"collection":[{"href":"https:\/\/pollyclosetfashion.com.br\/en\/wp-json\/wp\/v2\/pages"}],"about":[{"href":"https:\/\/pollyclosetfashion.com.br\/en\/wp-json\/wp\/v2\/types\/page"}],"author":[{"embeddable":true,"href":"https:\/\/pollyclosetfashion.com.br\/en\/wp-json\/wp\/v2\/users\/2"}],"replies":[{"embeddable":true,"href":"https:\/\/pollyclosetfashion.com.br\/en\/wp-json\/wp\/v2\/comments?post=988489"}],"version-history":[{"count":67,"href":"https:\/\/pollyclosetfashion.com.br\/en\/wp-json\/wp\/v2\/pages\/988489\/revisions"}],"predecessor-version":[{"id":989460,"href":"https:\/\/pollyclosetfashion.com.br\/en\/wp-json\/wp\/v2\/pages\/988489\/revisions\/989460"}],"wp:attachment":[{"href":"https:\/\/pollyclosetfashion.com.br\/en\/wp-json\/wp\/v2\/media?parent=988489"}],"curies":[{"name":"wp","href":"https:\/\/api.w.org\/{rel}","templated":true}]}}