{"id":988666,"date":"2024-08-18T02:55:25","date_gmt":"2024-08-18T02:55:25","guid":{"rendered":"https:\/\/pollycloset.waleedabbas.com\/?page_id=988666"},"modified":"2024-08-18T03:03:15","modified_gmt":"2024-08-18T03:03:15","slug":"gift-card","status":"publish","type":"page","link":"https:\/\/pollyclosetfashion.com.br\/en\/gift-card\/","title":{"rendered":"GIFT CARD"},"content":{"rendered":"<div data-elementor-type=\"wp-page\" data-elementor-id=\"988666\" class=\"elementor elementor-988666\" data-elementor-post-type=\"page\">\n\t\t\t\t<div class=\"elementor-element elementor-element-fabf5d3 e-flex e-con-boxed e-con e-parent\" data-id=\"fabf5d3\" data-element_type=\"container\" data-e-type=\"container\">\n\t\t\t\t\t<div class=\"e-con-inner\">\n\t\t<div class=\"elementor-element elementor-element-00edebd e-con-full e-flex e-con e-child\" data-id=\"00edebd\" data-element_type=\"container\" data-e-type=\"container\">\n\t\t\t\t<div class=\"elementor-element elementor-element-260992d elementor-widget elementor-widget-text-editor\" data-id=\"260992d\" data-element_type=\"widget\" data-e-type=\"widget\" data-widget_type=\"text-editor.default\">\n\t\t\t\t<div class=\"elementor-widget-container\">\n\t\t\t\t\t\t\t\t\t<b><h3>cart\u00e3o presente Polly Closet Fashion<\/b><\/h3>\n<br>\n<b>\ncart\u00e3o presente Polly Closet Fashion: muitas op\u00e7\u00f5es em um presente<\/b>\n\n<span style=\"font-weight: 400;\">N\u00e3o consegue decidir o melhor presente para dar para aquela pessoa especial? Ent\u00e3o aqui est\u00e1 a solu\u00e7\u00e3o: o cart\u00e3o de presente da Polly Closet Fashion. Com ele, voc\u00ea presenteia com um valor de 10 a 150 reais, e o presenteado ter\u00e1\u00a0<\/span><b>a Polly Closet Fashion inteira como op\u00e7\u00e3o<\/b><span style=\"font-weight: 400;\">!<\/span>\n<br>\n<br>\n<span style=\"font-weight: 400;\">Vem com a gente entender mais o que \u00e9 cart\u00e3o presente e quais as vantagens de presentear uma pessoa com ele \ud83d\ude09<\/span>\n<br>\n<br>\n<b>o que \u00e9 e quais os benef\u00edcios de um cart\u00e3o presente?<\/b>\n<br>\n<br>\n<span style=\"font-weight: 400;\">\u00c9 um tipo de vale-presente com valor previamente carregado que pode ser utilizado para adquirir produtos no site, aplicativo e nas lojas f\u00edsicas. Ele \u00e9 a escolha ideal para dar de presente para algu\u00e9m por:<\/span>\n<ul>\n\n \t<li style=\"font-weight: 400;\" aria-level=\"1\"><span style=\"font-weight: 400;\">permitir que a pessoa\u00a0<\/span><b>escolha o momento ideal para utilizar o valor do cart\u00e3o<\/b><span style=\"font-weight: 400;\">, adequando-se \u00e0s suas necessidades e prefer\u00eancias;<\/span><\/li>\n<\/ul>\n<ul>\n \t<li style=\"font-weight: 400;\" aria-level=\"1\"><span style=\"font-weight: 400;\">ser\u00a0<\/span><b>muito pr\u00e1tico<\/b><span style=\"font-weight: 400;\">, pois n\u00e3o \u00e9 necess\u00e1rio gastar tempo escolhendo um presente espec\u00edfico ou se preocupar com o tamanho, modelo ou cor;<\/span><\/li>\n<\/ul>\n<ul>\n \t<li style=\"font-weight: 400;\" aria-level=\"1\"><span style=\"font-weight: 400;\">dar ao presenteado o\u00a0<\/span><b>poder de escolher exatamente o que deseja<\/b><span style=\"font-weight: 400;\">\u00a0dentro das in\u00fameras op\u00e7\u00f5es dispon\u00edveis da Polly Closet Fashion.<\/span><\/li>\n<\/ul>\n<span style=\"font-weight: 400;\">N\u00e3o se esque\u00e7a de verificar as regras e restri\u00e7\u00f5es do nosso cart\u00e3o presente para orientar a pessoa que ir\u00e1 receb\u00ea-lo. Assim, ela poder\u00e1 aproveitar ao m\u00e1ximo na hora de fazer as compras.<\/span>\n<br>\n<br>\n\n<b>cart\u00e3o presente perfeito para todos!<\/b>\n<br>\n<br>\n\n<span style=\"font-weight: 400;\">Na C&amp;A voc\u00ea tem roupas para todos os g\u00eaneros e idades,\u00a0<\/span><a href=\"https:\/\/www.\"><span style=\"font-weight: 400;\">cal\u00e7ados<\/span><\/a><span style=\"font-weight: 400;\">,\u00a0<\/span><a href=\"https:\/\/www.\"><span style=\"font-weight: 400;\">maquiagem<\/span><\/a><span style=\"font-weight: 400;\">,\u00a0<\/span><a href=\"https:\/\/www.\"><span style=\"font-weight: 400;\">eletr\u00f4nicos<\/span><\/a><span style=\"font-weight: 400;\">\u00a0e muitas outras possibilidades de presentes com os melhores pre\u00e7os!\u00a0<\/span><b>S\u00e3o muitas op\u00e7\u00f5es dentro de um cart\u00e3o que todo mundo vai amar ganhar!<\/b>\n<br>\n<br>\n\n<b><h5>termos e condi\u00e7\u00f5es<\/b><\/h5\n<br>\n<br>\n\n<b>Onde pode ser utilizado:<\/b><span style=\"font-weight: 400;\">\u00a0No site ou em qualquer loja Polly Closet Fashion.<\/span>\n<br>\n<br>\n<b>Forma de utiliza\u00e7\u00e3o:<\/b><span style=\"font-weight: 400;\">\u00a0Nas lojas f\u00edsicas, ele leva o n\u00famero e apresenta ao operador do caixa. No site ou no app, ele insere no campo cart\u00e3o presente, na etapa de pagamento. O uso de mais de um cart\u00e3o presente na mesma compra ser\u00e1 permitido, desde que a soma de uso n\u00e3o ultrapasse o valor de R$ 210,00 (duzentos e dez reais). N\u00e3o \u00e9 poss\u00edvel, em hip\u00f3tese alguma, o cart\u00e3o presente e o vale troca serem utilizados na compra de outro cart\u00e3o presente, bem como o cart\u00e3o presente ser trocado para modalidade vale troca.<\/span>\n<br>\n<br>\n<b>Saldo:<\/b><span style=\"font-weight: 400;\">\u00a0Pode ser utilizado em sua totalidade ou em m\u00faltiplas compras, ou mesmo ser usado como parte do pagamento. Quando utilizado em conjunto com outras formas de pagamento, o cart\u00e3o dever\u00e1 ter todo o seu saldo consumido e, o valor remanescente da compra, poder\u00e1 ser complementado com as formas de pagamento dispon\u00edveis pelo site ou loja.<\/span>\n<br>\n<br>\n<b>Cancelamento:<\/b><span style=\"font-weight: 400;\">\u00a0O cart\u00e3o s\u00f3 pode ser cancelado pelo comprador, com a condi\u00e7\u00e3o de que o saldo ainda n\u00e3o tenha sido utilizado, mesmo que parcialmente. Se no pedido houver mais de um cart\u00e3o presente, o cancelamento tamb\u00e9m dever\u00e1 ser total (incluindo todos os cart\u00f5es), n\u00e3o podendo haver cancelamento parcial de cart\u00f5es. A restitui\u00e7\u00e3o ocorrer\u00e1 obrigatoriamente na forma de pagamento do pedido original e, em caso de presente, o presenteado ser\u00e1 informado por e-mail, do cancelamento do cart\u00e3o.<\/span><span style=\"font-weight: 400;\">\n<\/span><span style=\"font-weight: 400;\">Compra do cart\u00e3o presente: O cart\u00e3o s\u00f3 pode ser adquirido com cart\u00e3o de cr\u00e9dito.<\/span>\n<br>\n<br>\n<b>Utiliza\u00e7\u00e3o do cart\u00e3o presente:<\/b><span style=\"font-weight: 400;\">\u00a0O cart\u00e3o presente s\u00f3 poder\u00e1 ser utilizado para adquirir produtos do site ou das lojas Polly Closet Fashion, n\u00e3o podendo em hip\u00f3tese alguma ser utilizado na compra de outro cart\u00e3o presente. Vale troca n\u00e3o pode ser utilizado na compra de cart\u00e3o presente, e nem cart\u00e3o presente pode ser trocado por vale troca.<\/span>\n<br>\n<br>\n<b>Para recarregar:<\/b><span style=\"font-weight: 400;\">\u00a0O cart\u00e3o poder\u00e1 ser recarregado somente nas lojas f\u00edsicas, n\u00e3o h\u00e1 possibilidade de recarga no site.<\/span>\n<br>\n<br>\n<b>Validade:<\/b><span style=\"font-weight: 400;\">\u00a0O cart\u00e3o tem validade de um ano a partir da data da \u00faltima carga.<\/span>\t\t\t\t\t\t\t\t<\/div>\n\t\t\t\t<\/div>\n\t\t\t\t<\/div>\n\t\t\t\t\t<\/div>\n\t\t\t\t<\/div>\n\t\t\t\t<\/div>","protected":false},"excerpt":{"rendered":"<p>cart\u00e3o presente Polly Closet Fashion cart\u00e3o presente Polly Closet Fashion: muitas op\u00e7\u00f5es em um presente N\u00e3o consegue decidir o melhor presente para dar para aquela pessoa especial? Ent\u00e3o aqui est\u00e1 a solu\u00e7\u00e3o: o cart\u00e3o de presente da Polly Closet Fashion. Com ele, voc\u00ea presenteia com um valor de 10 a 150 reais, e o presenteado&#8230;<\/p>","protected":false},"author":2,"featured_media":0,"parent":0,"menu_order":0,"comment_status":"closed","ping_status":"closed","template":"","meta":{"_joinchat":[],"footnotes":""},"class_list":["post-988666","page","type-page","status-publish","hentry"],"_links":{"self":[{"href":"https:\/\/pollyclosetfashion.com.br\/en\/wp-json\/wp\/v2\/pages\/988666"}],"collection":[{"href":"https:\/\/pollyclosetfashion.com.br\/en\/wp-json\/wp\/v2\/pages"}],"about":[{"href":"https:\/\/pollyclosetfashion.com.br\/en\/wp-json\/wp\/v2\/types\/page"}],"author":[{"embeddable":true,"href":"https:\/\/pollyclosetfashion.com.br\/en\/wp-json\/wp\/v2\/users\/2"}],"replies":[{"embeddable":true,"href":"https:\/\/pollyclosetfashion.com.br\/en\/wp-json\/wp\/v2\/comments?post=988666"}],"version-history":[{"count":10,"href":"https:\/\/pollyclosetfashion.com.br\/en\/wp-json\/wp\/v2\/pages\/988666\/revisions"}],"predecessor-version":[{"id":988676,"href":"https:\/\/pollyclosetfashion.com.br\/en\/wp-json\/wp\/v2\/pages\/988666\/revisions\/988676"}],"wp:attachment":[{"href":"https:\/\/pollyclosetfashion.com.br\/en\/wp-json\/wp\/v2\/media?parent=988666"}],"curies":[{"name":"wp","href":"https:\/\/api.w.org\/{rel}","templated":true}]}}