{"id":988677,"date":"2024-08-18T03:13:33","date_gmt":"2024-08-18T03:13:33","guid":{"rendered":"https:\/\/pollycloset.waleedabbas.com\/?page_id=988677"},"modified":"2024-08-31T22:12:30","modified_gmt":"2024-08-31T22:12:30","slug":"types-of-delivery","status":"publish","type":"page","link":"https:\/\/pollyclosetfashion.com.br\/en\/types-of-delivery\/","title":{"rendered":"Types Of Delivery"},"content":{"rendered":"<div data-elementor-type=\"wp-page\" data-elementor-id=\"988677\" class=\"elementor elementor-988677\" data-elementor-post-type=\"page\">\n\t\t\t\t<div class=\"elementor-element elementor-element-51e687f e-flex e-con-boxed e-con e-parent\" data-id=\"51e687f\" data-element_type=\"container\" data-e-type=\"container\">\n\t\t\t\t\t<div class=\"e-con-inner\">\n\t\t\t\t<div class=\"elementor-element elementor-element-2fb77d7 elementor-widget elementor-widget-text-editor\" data-id=\"2fb77d7\" data-element_type=\"widget\" data-e-type=\"widget\" data-widget_type=\"text-editor.default\">\n\t\t\t\t<div class=\"elementor-widget-container\">\n\t\t\t\t\t\t\t\t\t<p><span style=\"font-weight: 400;\">consulte os\u00a0<\/span><b>tipos de entrega<\/b><\/p>\t\t\t\t\t\t\t\t<\/div>\n\t\t\t\t<\/div>\n\t\t\t\t<div class=\"elementor-element elementor-element-af136e5 elementor-widget elementor-widget-text-editor\" data-id=\"af136e5\" data-element_type=\"widget\" data-e-type=\"widget\" data-widget_type=\"text-editor.default\">\n\t\t\t\t<div class=\"elementor-widget-container\">\n\t\t\t\t\t\t\t\t\t<p><span style=\"font-weight: 400;\">Hoje a Polly Closet Fashion oferece diversos tipos de entrega, veja os tipos de entrega dispon\u00edveis.<\/span><\/p>\t\t\t\t\t\t\t\t<\/div>\n\t\t\t\t<\/div>\n\t\t\t\t\t<\/div>\n\t\t\t\t<\/div>\n\t\t<div class=\"elementor-element elementor-element-8a2e047 e-flex e-con-boxed e-con e-parent\" data-id=\"8a2e047\" data-element_type=\"container\" data-e-type=\"container\">\n\t\t\t\t\t<div class=\"e-con-inner\">\n\t\t<div class=\"elementor-element elementor-element-0dd4318 e-con-full e-flex e-con e-child\" data-id=\"0dd4318\" data-element_type=\"container\" data-e-type=\"container\">\n\t\t\t\t<div class=\"elementor-element elementor-element-d72494f elementor-position-left elementor-vertical-align-top elementor-widget elementor-widget-image-box\" data-id=\"d72494f\" data-element_type=\"widget\" data-e-type=\"widget\" data-widget_type=\"image-box.default\">\n\t\t\t\t<div class=\"elementor-widget-container\">\n\t\t\t\t\t<div class=\"elementor-image-box-wrapper\"><figure class=\"elementor-image-box-img\"><img fetchpriority=\"high\" decoding=\"async\" width=\"701\" height=\"701\" src=\"https:\/\/pollyclosetfashion.com.br\/wp-content\/uploads\/2024\/08\/i1.png\" class=\"attachment-full size-full wp-image-988743\" alt=\"\" srcset=\"https:\/\/pollyclosetfashion.com.br\/wp-content\/uploads\/2024\/08\/i1.png 701w, https:\/\/pollyclosetfashion.com.br\/wp-content\/uploads\/2024\/08\/i1-300x300.png 300w, https:\/\/pollyclosetfashion.com.br\/wp-content\/uploads\/2024\/08\/i1-150x150.png 150w, https:\/\/pollyclosetfashion.com.br\/wp-content\/uploads\/2024\/08\/i1-650x650.png 650w, https:\/\/pollyclosetfashion.com.br\/wp-content\/uploads\/2024\/08\/i1-64x64.png 64w\" sizes=\"(max-width: 701px) 100vw, 701px\" \/><\/figure><div class=\"elementor-image-box-content\"><h3 class=\"elementor-image-box-title\">Clique E Retire<\/h3><p class=\"elementor-image-box-description\">Compre online e retire seu pedido em nossa loja f\u00edsica. em at\u00e9 6h com frete gr\u00e1tis.\n<br>\n<br>\n<a href=\"https:\/\/pollyclosetfashion.com.br\/en\/clique\/\" style=\"color: blue\" target=\"_blank\">saiba mais<\/a>\n\n\n<\/p><\/div><\/div>\t\t\t\t<\/div>\n\t\t\t\t<\/div>\n\t\t\t\t<\/div>\n\t\t<div class=\"elementor-element elementor-element-9192653 e-con-full e-flex e-con e-child\" data-id=\"9192653\" data-element_type=\"container\" data-e-type=\"container\">\n\t\t\t\t<div class=\"elementor-element elementor-element-73ec642 elementor-position-left elementor-vertical-align-top elementor-widget elementor-widget-image-box\" data-id=\"73ec642\" data-element_type=\"widget\" data-e-type=\"widget\" data-widget_type=\"image-box.default\">\n\t\t\t\t<div class=\"elementor-widget-container\">\n\t\t\t\t\t<div class=\"elementor-image-box-wrapper\"><figure class=\"elementor-image-box-img\"><img decoding=\"async\" width=\"701\" height=\"701\" src=\"https:\/\/pollyclosetfashion.com.br\/wp-content\/uploads\/2024\/08\/i2.png\" class=\"attachment-full size-full wp-image-988742\" alt=\"\" srcset=\"https:\/\/pollyclosetfashion.com.br\/wp-content\/uploads\/2024\/08\/i2.png 701w, https:\/\/pollyclosetfashion.com.br\/wp-content\/uploads\/2024\/08\/i2-300x300.png 300w, https:\/\/pollyclosetfashion.com.br\/wp-content\/uploads\/2024\/08\/i2-150x150.png 150w, https:\/\/pollyclosetfashion.com.br\/wp-content\/uploads\/2024\/08\/i2-650x650.png 650w, https:\/\/pollyclosetfashion.com.br\/wp-content\/uploads\/2024\/08\/i2-64x64.png 64w\" sizes=\"(max-width: 701px) 100vw, 701px\" \/><\/figure><div class=\"elementor-image-box-content\"><h3 class=\"elementor-image-box-title\">expressa<\/h3><p class=\"elementor-image-box-description\">Pedidos com pagamento aprovado at\u00e9 as 23:59 ser\u00e3o entregues no dia seguinte ou em at\u00e9 2 dia \u00fateis. (exceto nos domingos e feriados).\n<\/p><\/div><\/div>\t\t\t\t<\/div>\n\t\t\t\t<\/div>\n\t\t\t\t<\/div>\n\t\t\t\t\t<\/div>\n\t\t\t\t<\/div>\n\t\t<div class=\"elementor-element elementor-element-3ca3820 e-flex e-con-boxed e-con e-parent\" data-id=\"3ca3820\" data-element_type=\"container\" data-e-type=\"container\">\n\t\t\t\t\t<div class=\"e-con-inner\">\n\t\t<div class=\"elementor-element elementor-element-30df82d e-con-full e-flex e-con e-child\" data-id=\"30df82d\" data-element_type=\"container\" data-e-type=\"container\">\n\t\t\t\t<div class=\"elementor-element elementor-element-a6154b5 elementor-position-left elementor-vertical-align-top elementor-widget elementor-widget-image-box\" data-id=\"a6154b5\" data-element_type=\"widget\" data-e-type=\"widget\" data-widget_type=\"image-box.default\">\n\t\t\t\t<div class=\"elementor-widget-container\">\n\t\t\t\t\t<div class=\"elementor-image-box-wrapper\"><figure class=\"elementor-image-box-img\"><img decoding=\"async\" width=\"701\" height=\"701\" src=\"https:\/\/pollyclosetfashion.com.br\/wp-content\/uploads\/2024\/08\/i3.png\" class=\"attachment-full size-full wp-image-988741\" alt=\"\" srcset=\"https:\/\/pollyclosetfashion.com.br\/wp-content\/uploads\/2024\/08\/i3.png 701w, https:\/\/pollyclosetfashion.com.br\/wp-content\/uploads\/2024\/08\/i3-300x300.png 300w, https:\/\/pollyclosetfashion.com.br\/wp-content\/uploads\/2024\/08\/i3-150x150.png 150w, https:\/\/pollyclosetfashion.com.br\/wp-content\/uploads\/2024\/08\/i3-650x650.png 650w, https:\/\/pollyclosetfashion.com.br\/wp-content\/uploads\/2024\/08\/i3-64x64.png 64w\" sizes=\"(max-width: 701px) 100vw, 701px\" \/><\/figure><div class=\"elementor-image-box-content\"><h3 class=\"elementor-image-box-title\">normal<\/h3><p class=\"elementor-image-box-description\"><b>Site<\/b>\n<br>\n<br>\nEntrega com per\u00edodo definido pela loja no momento da compra\n<\/p><\/div><\/div>\t\t\t\t<\/div>\n\t\t\t\t<\/div>\n\t\t\t\t<\/div>\n\t\t<div class=\"elementor-element elementor-element-2078b56 e-con-full e-flex e-con e-child\" data-id=\"2078b56\" data-element_type=\"container\" data-e-type=\"container\">\n\t\t\t\t<div class=\"elementor-element elementor-element-b509906 elementor-position-left elementor-vertical-align-top elementor-widget elementor-widget-image-box\" data-id=\"b509906\" data-element_type=\"widget\" data-e-type=\"widget\" data-widget_type=\"image-box.default\">\n\t\t\t\t<div class=\"elementor-widget-container\">\n\t\t\t\t\t<div class=\"elementor-image-box-wrapper\"><figure class=\"elementor-image-box-img\"><img loading=\"lazy\" decoding=\"async\" width=\"701\" height=\"701\" src=\"https:\/\/pollyclosetfashion.com.br\/wp-content\/uploads\/2024\/08\/i4.png\" class=\"attachment-full size-full wp-image-988740\" alt=\"\" srcset=\"https:\/\/pollyclosetfashion.com.br\/wp-content\/uploads\/2024\/08\/i4.png 701w, https:\/\/pollyclosetfashion.com.br\/wp-content\/uploads\/2024\/08\/i4-300x300.png 300w, https:\/\/pollyclosetfashion.com.br\/wp-content\/uploads\/2024\/08\/i4-150x150.png 150w, https:\/\/pollyclosetfashion.com.br\/wp-content\/uploads\/2024\/08\/i4-650x650.png 650w, https:\/\/pollyclosetfashion.com.br\/wp-content\/uploads\/2024\/08\/i4-64x64.png 64w\" sizes=\"(max-width: 701px) 100vw, 701px\" \/><\/figure><div class=\"elementor-image-box-content\"><h3 class=\"elementor-image-box-title\">r\u00e1pida<\/h3><p class=\"elementor-image-box-description\">A entrega r\u00e1pida tem prazo de entrega melhor do que a entrega normal.\n<\/p><\/div><\/div>\t\t\t\t<\/div>\n\t\t\t\t<\/div>\n\t\t\t\t<\/div>\n\t\t\t\t\t<\/div>\n\t\t\t\t<\/div>\n\t\t<div class=\"elementor-element elementor-element-d05bdce e-flex e-con-boxed e-con e-parent\" data-id=\"d05bdce\" data-element_type=\"container\" data-e-type=\"container\">\n\t\t\t\t\t<div class=\"e-con-inner\">\n\t\t\t\t<div class=\"elementor-element elementor-element-a8be24b elementor-widget elementor-widget-text-editor\" data-id=\"a8be24b\" data-element_type=\"widget\" data-e-type=\"widget\" data-widget_type=\"text-editor.default\">\n\t\t\t\t<div class=\"elementor-widget-container\">\n\t\t\t\t\t\t\t\t\t<p><span style=\"font-weight: 400;\">Estas modalidades s\u00e3o v\u00e1lidas para produtos vendidos e entregues pela Polly Closet Fashion. Para produtos de lojas parceiras consulte as regras na hora do fechamento do pedido.<\/span><\/p>\t\t\t\t\t\t\t\t<\/div>\n\t\t\t\t<\/div>\n\t\t\t\t\t<\/div>\n\t\t\t\t<\/div>\n\t\t\t\t<\/div>","protected":false},"excerpt":{"rendered":"<p>consulte os\u00a0tipos de entrega Hoje a Polly Closet Fashion oferece diversos tipos de entrega, veja os tipos de entrega dispon\u00edveis. Clique E Retire Compre online e retire seu pedido em nossa loja f\u00edsica. em at\u00e9 6h com frete gr\u00e1tis. saiba mais expressa Pedidos com pagamento aprovado at\u00e9 as 23:59 ser\u00e3o entregues no dia seguinte ou&#8230;<\/p>","protected":false},"author":2,"featured_media":0,"parent":0,"menu_order":0,"comment_status":"closed","ping_status":"closed","template":"","meta":{"_joinchat":[],"footnotes":""},"class_list":["post-988677","page","type-page","status-publish","hentry"],"_links":{"self":[{"href":"https:\/\/pollyclosetfashion.com.br\/en\/wp-json\/wp\/v2\/pages\/988677"}],"collection":[{"href":"https:\/\/pollyclosetfashion.com.br\/en\/wp-json\/wp\/v2\/pages"}],"about":[{"href":"https:\/\/pollyclosetfashion.com.br\/en\/wp-json\/wp\/v2\/types\/page"}],"author":[{"embeddable":true,"href":"https:\/\/pollyclosetfashion.com.br\/en\/wp-json\/wp\/v2\/users\/2"}],"replies":[{"embeddable":true,"href":"https:\/\/pollyclosetfashion.com.br\/en\/wp-json\/wp\/v2\/comments?post=988677"}],"version-history":[{"count":25,"href":"https:\/\/pollyclosetfashion.com.br\/en\/wp-json\/wp\/v2\/pages\/988677\/revisions"}],"predecessor-version":[{"id":988765,"href":"https:\/\/pollyclosetfashion.com.br\/en\/wp-json\/wp\/v2\/pages\/988677\/revisions\/988765"}],"wp:attachment":[{"href":"https:\/\/pollyclosetfashion.com.br\/en\/wp-json\/wp\/v2\/media?parent=988677"}],"curies":[{"name":"wp","href":"https:\/\/api.w.org\/{rel}","templated":true}]}}