{"id":988685,"date":"2024-08-18T20:42:36","date_gmt":"2024-08-18T20:42:36","guid":{"rendered":"https:\/\/pollycloset.waleedabbas.com\/?page_id=988685"},"modified":"2024-08-18T20:51:20","modified_gmt":"2024-08-18T20:51:20","slug":"payment-methods","status":"publish","type":"page","link":"https:\/\/pollyclosetfashion.com.br\/en\/payment-methods\/","title":{"rendered":"Payment Methods"},"content":{"rendered":"<div data-elementor-type=\"wp-page\" data-elementor-id=\"988685\" class=\"elementor elementor-988685\" data-elementor-post-type=\"page\">\n\t\t\t\t<div class=\"elementor-element elementor-element-8991f0e e-flex e-con-boxed e-con e-parent\" data-id=\"8991f0e\" data-element_type=\"container\" data-e-type=\"container\">\n\t\t\t\t\t<div class=\"e-con-inner\">\n\t\t<div class=\"elementor-element elementor-element-f4ba4b1 e-con-full e-flex e-con e-child\" data-id=\"f4ba4b1\" data-element_type=\"container\" data-e-type=\"container\">\n\t\t\t\t<div class=\"elementor-element elementor-element-41c6694 elementor-widget elementor-widget-text-editor\" data-id=\"41c6694\" data-element_type=\"widget\" data-e-type=\"widget\" data-widget_type=\"text-editor.default\">\n\t\t\t\t<div class=\"elementor-widget-container\">\n\t\t\t\t\t\t\t\t\t<p><b>Formas de\u00a0Pagamento<\/b><\/p><p><span style=\"font-weight: 400;\">Este documento fornece todos os m\u00e9todos de pagamento aceitos pela Polly Closet Fashion para compras em nosso site.<\/span><\/p><p><span style=\"font-weight: 400;\">A Polly Closet Fashion aceita um total de 5 op\u00e7\u00f5es de pagamento:<\/span><\/p><ul><li style=\"font-weight: 400;\" aria-level=\"1\"><span style=\"font-weight: 400;\">1.Pagamento com Pix;<\/span><\/li><li style=\"font-weight: 400;\" aria-level=\"1\"><span style=\"font-weight: 400;\">2.Cart\u00e3o de cr\u00e9dito brasileiro;<\/span><\/li><li style=\"font-weight: 400;\" aria-level=\"1\"><span style=\"font-weight: 400;\">3.Boleto banc\u00e1rio;<\/span><\/li><li style=\"font-weight: 400;\" aria-level=\"1\"><span style=\"font-weight: 400;\">4.Cart\u00e3o de cr\u00e9dito e d\u00e9bito virtual; e<\/span><\/li><li style=\"font-weight: 400;\" aria-level=\"1\"><span style=\"font-weight: 400;\">5.Cart\u00e3o de cr\u00e9dito e d\u00e9bito internacional.<\/span><\/li><\/ul><p><span style=\"font-weight: 400;\">Observe que, de tempos em tempos, podemos atualizar nosso site para disponibilizar mais op\u00e7\u00f5es de pagamento. Voc\u00ea poder\u00e1 escolher essa nova op\u00e7\u00e3o como forma de pagamento, seguindo o processo fornecido em nosso site.<\/span><\/p>\t\t\t\t\t\t\t\t<\/div>\n\t\t\t\t<\/div>\n\t\t\t\t<\/div>\n\t\t<div class=\"elementor-element elementor-element-93965c5 e-con-full e-flex e-con e-child\" data-id=\"93965c5\" data-element_type=\"container\" data-e-type=\"container\">\n\t\t\t\t<div class=\"elementor-element elementor-element-7541923 elementor-widget elementor-widget-text-editor\" data-id=\"7541923\" data-element_type=\"widget\" data-e-type=\"widget\" data-widget_type=\"text-editor.default\">\n\t\t\t\t<div class=\"elementor-widget-container\">\n\t\t\t\t\t\t\t\t\t<p>\u00a0<\/p><p><b>1.Pague Com Pix<br \/><br \/><img decoding=\"async\" class=\"alignnone  wp-image-988687\" src=\"https:\/\/pollyclosetfashion.com.br\/wp-content\/uploads\/2024\/08\/Screenshot_6.jpg\" alt=\"\" width=\"95\" height=\"68\" srcset=\"https:\/\/pollyclosetfashion.com.br\/wp-content\/uploads\/2024\/08\/Screenshot_6.jpg 133w, https:\/\/pollyclosetfashion.com.br\/wp-content\/uploads\/2024\/08\/Screenshot_6-64x46.jpg 64w\" sizes=\"(max-width: 95px) 100vw, 95px\" \/><br \/><\/b><\/p><p><span style=\"font-weight: 400;\">O Pix \u00e9 o mais novo m\u00e9todo de pagamento eletr\u00f4nico do Brasil. Criado pelo Banco Central, ele permite a transfer\u00eancia entre contas em alguns segundos, a qualquer hora ou dia. \u00c9 pr\u00e1tico, r\u00e1pido, seguro e gratuito para pessoas f\u00edsicas.<\/span><\/p><p><span style=\"font-weight: 400;\">No momento da finaliza\u00e7\u00e3o da compra, o Pix aparecer\u00e1 como outra op\u00e7\u00e3o de pagamento. Ao escolher esta op\u00e7\u00e3o, um c\u00f3digo Pix ser\u00e1 gerado para o valor da sua compra.<\/span><\/p><p><span style=\"font-weight: 400;\">Voc\u00ea poder\u00e1 fazer um Pix a partir de uma conta corrente, conta poupan\u00e7a ou conta de pagamento pr\u00e9-pago. Para pagar sua compra, abra seu aplicativo de pagamento e fa\u00e7a a leitura do c\u00f3digo QR ou use a op\u00e7\u00e3o Pix C\u00f3pia e Cola.<\/span><\/p><p><span style=\"font-weight: 400;\">Para mais informa\u00e7\u00f5es, visite a\u00a0<\/span><a href=\"https:\/\/www.bcb.gov.br\/estabilidadefinanceira\/pix\"><span style=\"font-weight: 400;\">p\u00e1gina do Pix\u00a0<\/span><\/a><span style=\"font-weight: 400;\">.<\/span><\/p>\t\t\t\t\t\t\t\t<\/div>\n\t\t\t\t<\/div>\n\t\t\t\t<div class=\"elementor-element elementor-element-d1c72e0 elementor-widget elementor-widget-text-editor\" data-id=\"d1c72e0\" data-element_type=\"widget\" data-e-type=\"widget\" data-widget_type=\"text-editor.default\">\n\t\t\t\t<div class=\"elementor-widget-container\">\n\t\t\t\t\t\t\t\t\t<p><b>2.Pagamento parcelado<\/b><\/p><p><img decoding=\"async\" class=\"alignnone wp-image-988688 size-medium\" src=\"https:\/\/pollyclosetfashion.com.br\/wp-content\/uploads\/2024\/08\/Screenshot_7-300x107.jpg\" alt=\"\" width=\"300\" height=\"107\" srcset=\"https:\/\/pollyclosetfashion.com.br\/wp-content\/uploads\/2024\/08\/Screenshot_7-300x107.jpg 300w, https:\/\/pollyclosetfashion.com.br\/wp-content\/uploads\/2024\/08\/Screenshot_7-64x23.jpg 64w, https:\/\/pollyclosetfashion.com.br\/wp-content\/uploads\/2024\/08\/Screenshot_7.jpg 470w\" sizes=\"(max-width: 300px) 100vw, 300px\" \/><\/p><p><span style=\"font-weight: 400;\">O Pix \u00e9 o mais novo m\u00e9todo de pagamento eletr\u00f4nico do Brasil. Criado pelo Banco Central, ele permite a transfer\u00eancia entre contas em alguns segundos, a qualquer hora ou dia. \u00c9 pr\u00e1tico, r\u00e1pido, seguro e gratuito para pessoas f\u00edsicas.<\/span><\/p><p><span style=\"font-weight: 400;\">No momento da finaliza\u00e7\u00e3o da compra, o Pix aparecer\u00e1 como outra op\u00e7\u00e3o de pagamento. Ao escolher esta op\u00e7\u00e3o, um c\u00f3digo Pix ser\u00e1 gerado para o valor da sua compra.<\/span><\/p><p><span style=\"font-weight: 400;\">Voc\u00ea poder\u00e1 fazer um Pix a partir de uma conta corrente, conta poupan\u00e7a ou conta de pagamento pr\u00e9-pago. Para pagar sua compra, abra seu aplicativo de pagamento e fa\u00e7a a leitura do c\u00f3digo QR ou use a op\u00e7\u00e3o Pix C\u00f3pia e Cola.<\/span><\/p><p><span style=\"font-weight: 400;\">Para mais informa\u00e7\u00f5es, visite a\u00a0<\/span><a href=\"https:\/\/www.bcb.gov.br\/estabilidadefinanceira\/pix\"><span style=\"font-weight: 400;\">p\u00e1gina do Pix\u00a0<\/span><\/a><span style=\"font-weight: 400;\">.<br \/><br \/><\/span><\/p><p><span style=\"font-weight: 400;\">Ao usar um cart\u00e3o de cr\u00e9dito brasileiro, seu pagamento poder\u00e1 ser dividido em at\u00e9 6 parcelas sem juros.<\/span><\/p><p><span style=\"font-weight: 400;\">O valor m\u00ednimo de cada compra \u00e9 de R$ 5,00 (total).<\/span><\/p><p><span style=\"font-weight: 400;\">* Seu banco poder\u00e1 cobrar tarifas extras (verifique com seu banco).<\/span><\/p><p><span style=\"font-weight: 400;\">* Somente para cart\u00f5es de cr\u00e9dito emitidos por bancos brasileiros.<\/span><\/p><p><span style=\"font-weight: 400;\">\u00a0<\/span><\/p>\t\t\t\t\t\t\t\t<\/div>\n\t\t\t\t<\/div>\n\t\t\t\t<div class=\"elementor-element elementor-element-83bb4d1 elementor-widget elementor-widget-text-editor\" data-id=\"83bb4d1\" data-element_type=\"widget\" data-e-type=\"widget\" data-widget_type=\"text-editor.default\">\n\t\t\t\t<div class=\"elementor-widget-container\">\n\t\t\t\t\t\t\t\t\t<p><b>3.Boleto banc\u00e1rio<\/b><\/p><p><img decoding=\"async\" class=\"alignnone wp-image-988689 size-full\" src=\"https:\/\/pollyclosetfashion.com.br\/wp-content\/uploads\/2024\/08\/Screenshot_8.jpg\" alt=\"\" width=\"125\" height=\"89\" srcset=\"https:\/\/pollyclosetfashion.com.br\/wp-content\/uploads\/2024\/08\/Screenshot_8.jpg 125w, https:\/\/pollyclosetfashion.com.br\/wp-content\/uploads\/2024\/08\/Screenshot_8-64x46.jpg 64w\" sizes=\"(max-width: 125px) 100vw, 125px\" \/><\/p><p><span style=\"font-weight: 400;\">Ao escolher este m\u00e9todo de pagamento para entrega, confirme se o seu endere\u00e7o de e-mail est\u00e1 correto, pois o c\u00f3digo de barras do pagamento ser\u00e1 enviado para o mesmo.<\/span><\/p><p><span style=\"font-weight: 400;\">* Aplic\u00e1vel apenas a clientes que moram no Brasil e t\u00eam um CPF (n\u00famero de identifica\u00e7\u00e3o fiscal individual).<\/span><\/p><p><span style=\"font-weight: 400;\">* Depois de usar o boleto para uma compra, fa\u00e7a o pagamento dentro de 3 dias para garantir que seu pedido seja processado normalmente. Ap\u00f3s o envio do pagamento, atualizaremos seu status de pagamento no segundo dia \u00fatil (os bancos brasileiros n\u00e3o abrem durante finais de semana e feriados; os pagamentos feitos antes do feriado ser\u00e3o processados no primeiro dia \u00fatil seguinte).<\/span><\/p><p><span style=\"font-weight: 400;\">Guarde o recibo do pagamento. Em caso de d\u00favidas, entre em contato com o nosso servi\u00e7o de atendimento ao cliente.<\/span><\/p><p><span style=\"font-weight: 400;\">* Para evitar falta de estoque ou um atraso na atualiza\u00e7\u00e3o do seu pagamento, sugerimos usar um cart\u00e3o de cr\u00e9dito brasileiro (em parcelas) ou PayPal para fazer o pagamento.<\/span><\/p><p><span style=\"font-weight: 400;\">* O boleto n\u00e3o permite reembolsos atrav\u00e9s do mesmo m\u00e9todo de pagamento.<\/span><\/p>\t\t\t\t\t\t\t\t<\/div>\n\t\t\t\t<\/div>\n\t\t\t\t<div class=\"elementor-element elementor-element-93ced7e elementor-widget elementor-widget-text-editor\" data-id=\"93ced7e\" data-element_type=\"widget\" data-e-type=\"widget\" data-widget_type=\"text-editor.default\">\n\t\t\t\t<div class=\"elementor-widget-container\">\n\t\t\t\t\t\t\t\t\t<p><b>4.Pagar com PayPal<\/b><\/p><p><img loading=\"lazy\" decoding=\"async\" class=\"alignnone wp-image-988690 size-full\" src=\"https:\/\/pollyclosetfashion.com.br\/wp-content\/uploads\/2024\/08\/Screenshot_9.jpg\" alt=\"\" width=\"192\" height=\"80\" srcset=\"https:\/\/pollyclosetfashion.com.br\/wp-content\/uploads\/2024\/08\/Screenshot_9.jpg 192w, https:\/\/pollyclosetfashion.com.br\/wp-content\/uploads\/2024\/08\/Screenshot_9-64x27.jpg 64w\" sizes=\"(max-width: 192px) 100vw, 192px\" \/><\/p><p><span style=\"font-weight: 400;\">Ao fazer um pedido pelo PayPal, voc\u00ea ser\u00e1 redirecionado para a p\u00e1gina de pagamento do PayPal para confirmar seu pagamento, fazendo login com seu nome de usu\u00e1rio e senha do PayPal.<\/span><\/p><p><span style=\"font-weight: 400;\">Voc\u00ea ainda poder\u00e1 fazer o pagamento mesmo sem uma conta do PayPal. Para isso, clique em \u201cPagar com cart\u00e3o de d\u00e9bito\/cr\u00e9dito\u201d para ser redirecionado a uma p\u00e1gina segura onde voc\u00ea poder\u00e1 inserir as informa\u00e7\u00f5es do seu cart\u00e3o de cr\u00e9dito ou concluir o pagamento com seguran\u00e7a via PayPal.<\/span><\/p>\t\t\t\t\t\t\t\t<\/div>\n\t\t\t\t<\/div>\n\t\t\t\t<div class=\"elementor-element elementor-element-749a8fa elementor-widget elementor-widget-text-editor\" data-id=\"749a8fa\" data-element_type=\"widget\" data-e-type=\"widget\" data-widget_type=\"text-editor.default\">\n\t\t\t\t<div class=\"elementor-widget-container\">\n\t\t\t\t\t\t\t\t\t<p><b>5.Cart\u00e3o de cr\u00e9dito e d\u00e9bito internacional<\/b><\/p><p><img loading=\"lazy\" decoding=\"async\" class=\"alignnone wp-image-988691 size-medium\" src=\"https:\/\/pollyclosetfashion.com.br\/wp-content\/uploads\/2024\/08\/Screenshot_10-300x106.jpg\" alt=\"\" width=\"300\" height=\"106\" srcset=\"https:\/\/pollyclosetfashion.com.br\/wp-content\/uploads\/2024\/08\/Screenshot_10-300x106.jpg 300w, https:\/\/pollyclosetfashion.com.br\/wp-content\/uploads\/2024\/08\/Screenshot_10-64x23.jpg 64w, https:\/\/pollyclosetfashion.com.br\/wp-content\/uploads\/2024\/08\/Screenshot_10.jpg 477w\" sizes=\"(max-width: 300px) 100vw, 300px\" \/><\/p><p><span style=\"font-weight: 400;\">A Polly Closet Fashion n\u00e3o coleta o n\u00famero do seu cart\u00e3o de cr\u00e9dito\/d\u00e9bito quando voc\u00ea faz um pagamento. Se voc\u00ea tiver alguma d\u00favida sobre suas transa\u00e7\u00f5es em nosso site, consulte o banco emissor do seu cart\u00e3o para mais informa\u00e7\u00f5es.<\/span><\/p><p><span style=\"font-weight: 400;\">Ao selecionar este m\u00e9todo de pagamento para verifica\u00e7\u00e3o, informe o n\u00famero do seu cart\u00e3o primeiro para saber o prazo de pagamento. Observe que o nosso sistema poder\u00e1 n\u00e3o aceitar determinados cart\u00f5es.<\/span><\/p><p><span style=\"font-weight: 400;\">* Devido a quest\u00f5es de seguran\u00e7a de pagamentos internacionais, sua solicita\u00e7\u00e3o de pagamento poder\u00e1 ser rejeitada. Caso isso aconte\u00e7a, sugerimos entrar em contato com seu banco ou selecionar um m\u00e9todo de pagamento diferente.<\/span><\/p>\t\t\t\t\t\t\t\t<\/div>\n\t\t\t\t<\/div>\n\t\t\t\t<div class=\"elementor-element elementor-element-2774ab1 elementor-widget elementor-widget-text-editor\" data-id=\"2774ab1\" data-element_type=\"widget\" data-e-type=\"widget\" data-widget_type=\"text-editor.default\">\n\t\t\t\t<div class=\"elementor-widget-container\">\n\t\t\t\t\t\t\t\t\t<p><b>6.\u201cC\u00f3digo do cupom\u201d e \u201cPontos de b\u00f4nus\u201d<\/b><\/p><p><span style=\"font-weight: 400;\">Voc\u00ea poder\u00e1 aplicar cupons e pontos de b\u00f4nus ao seu pedido no checkout. Depois de inserir o c\u00f3digo do cupom e os pontos da Polly Closet Fashion, clique em \u201cAplicar\u201d (Apply) e o desconto ser\u00e1 aplicado automaticamente ao total do pedido. Note que, se voc\u00ea n\u00e3o clicar em \u201cAplicar\u201d antes de prosseguir com a compra, o desconto do Cupom e do Ponto de B\u00f4nus n\u00e3o ser\u00e1 aplicado ao total do pedido.<br \/><\/span><\/p><p><b>Observa\u00e7\u00f5es:<\/b><\/p><ul><li style=\"font-weight: 400;\" aria-level=\"1\"><span style=\"font-weight: 400;\">Certifique-se de inserir o c\u00f3digo do cupom exatamente como o recebeu, sem espa\u00e7os antes, dentro ou depois dele. Para evitar erros, recomendamos que voc\u00ea copie\/cole o c\u00f3digo promocional recebido.<\/span><\/li><li style=\"font-weight: 400;\" aria-level=\"1\"><span style=\"font-weight: 400;\">Os cupons n\u00e3o poder\u00e3o ser combinados. Voc\u00ea poder\u00e1 usar somente um c\u00f3digo de cupom para cada pedido.<\/span><\/li><li style=\"font-weight: 400;\" aria-level=\"1\"><span style=\"font-weight: 400;\">Os cupons est\u00e3o sujeitos \u00e0s condi\u00e7\u00f5es da oferta. Isso exclui alguns itens em nosso site que n\u00e3o s\u00e3o eleg\u00edveis para cupons de desconto.<\/span><\/li><li style=\"font-weight: 400;\" aria-level=\"1\"><span style=\"font-weight: 400;\">Voc\u00ea poder\u00e1 pagar at\u00e9 30% da sua compra com pontos de b\u00f4nus no checkout.<\/span><\/li><\/ul><p>\u00a0<\/p>\t\t\t\t\t\t\t\t<\/div>\n\t\t\t\t<\/div>\n\t\t\t\t<\/div>\n\t\t\t\t\t<\/div>\n\t\t\t\t<\/div>\n\t\t\t\t<\/div>","protected":false},"excerpt":{"rendered":"<p>Formas de\u00a0Pagamento Este documento fornece todos os m\u00e9todos de pagamento aceitos pela Polly Closet Fashion para compras em nosso site. A Polly Closet Fashion aceita um total de 5 op\u00e7\u00f5es de pagamento: 1.Pagamento com Pix; 2.Cart\u00e3o de cr\u00e9dito brasileiro; 3.Boleto banc\u00e1rio; 4.Cart\u00e3o de cr\u00e9dito e d\u00e9bito virtual; e 5.Cart\u00e3o de cr\u00e9dito e d\u00e9bito internacional. Observe&#8230;<\/p>","protected":false},"author":2,"featured_media":0,"parent":0,"menu_order":0,"comment_status":"closed","ping_status":"closed","template":"","meta":{"_joinchat":[],"footnotes":""},"class_list":["post-988685","page","type-page","status-publish","hentry"],"_links":{"self":[{"href":"https:\/\/pollyclosetfashion.com.br\/en\/wp-json\/wp\/v2\/pages\/988685"}],"collection":[{"href":"https:\/\/pollyclosetfashion.com.br\/en\/wp-json\/wp\/v2\/pages"}],"about":[{"href":"https:\/\/pollyclosetfashion.com.br\/en\/wp-json\/wp\/v2\/types\/page"}],"author":[{"embeddable":true,"href":"https:\/\/pollyclosetfashion.com.br\/en\/wp-json\/wp\/v2\/users\/2"}],"replies":[{"embeddable":true,"href":"https:\/\/pollyclosetfashion.com.br\/en\/wp-json\/wp\/v2\/comments?post=988685"}],"version-history":[{"count":7,"href":"https:\/\/pollyclosetfashion.com.br\/en\/wp-json\/wp\/v2\/pages\/988685\/revisions"}],"predecessor-version":[{"id":988697,"href":"https:\/\/pollyclosetfashion.com.br\/en\/wp-json\/wp\/v2\/pages\/988685\/revisions\/988697"}],"wp:attachment":[{"href":"https:\/\/pollyclosetfashion.com.br\/en\/wp-json\/wp\/v2\/media?parent=988685"}],"curies":[{"name":"wp","href":"https:\/\/api.w.org\/{rel}","templated":true}]}}