{"id":988865,"date":"2024-09-03T20:40:50","date_gmt":"2024-09-03T20:40:50","guid":{"rendered":"https:\/\/pollycloset.waleedabbas.com\/?page_id=988865"},"modified":"2024-09-04T03:00:50","modified_gmt":"2024-09-04T03:00:50","slug":"payments","status":"publish","type":"page","link":"https:\/\/pollyclosetfashion.com.br\/en\/payments\/","title":{"rendered":"Payments"},"content":{"rendered":"<div data-elementor-type=\"wp-page\" data-elementor-id=\"988865\" class=\"elementor elementor-988865\" data-elementor-post-type=\"page\">\n\t\t\t\t<div class=\"elementor-element elementor-element-2b726905 e-flex e-con-boxed e-con e-parent\" data-id=\"2b726905\" data-element_type=\"container\" data-e-type=\"container\">\n\t\t\t\t\t<div class=\"e-con-inner\">\n\t\t\t\t<div class=\"elementor-element elementor-element-35a2bb3c elementor-icon-list--layout-inline elementor-hidden-mobile elementor-list-item-link-full_width elementor-widget elementor-widget-icon-list\" data-id=\"35a2bb3c\" data-element_type=\"widget\" data-e-type=\"widget\" data-widget_type=\"icon-list.default\">\n\t\t\t\t<div class=\"elementor-widget-container\">\n\t\t\t\t\t\t\t<ul class=\"elementor-icon-list-items elementor-inline-items\">\n\t\t\t\t\t\t\t<li class=\"elementor-icon-list-item elementor-inline-item\">\n\t\t\t\t\t\t\t\t\t\t<span class=\"elementor-icon-list-text\">Central de Ajuda<\/span>\n\t\t\t\t\t\t\t\t\t<\/li>\n\t\t\t\t\t\t\t\t<li class=\"elementor-icon-list-item elementor-inline-item\">\n\t\t\t\t\t\t\t\t\t\t<span class=\"elementor-icon-list-text\"> Central de Ajuda Polly Closet Fashion<\/span>\n\t\t\t\t\t\t\t\t\t<\/li>\n\t\t\t\t\t\t\t\t<li class=\"elementor-icon-list-item elementor-inline-item\">\n\t\t\t\t\t\t\t\t\t\t<span class=\"elementor-icon-list-text\">Pagamentos<\/span>\n\t\t\t\t\t\t\t\t\t<\/li>\n\t\t\t\t\t\t<\/ul>\n\t\t\t\t\t\t<\/div>\n\t\t\t\t<\/div>\n\t\t\t\t<div class=\"elementor-element elementor-element-5f43c8d4 elementor-hidden-desktop elementor-hidden-tablet elementor-icon-list--layout-traditional elementor-list-item-link-full_width elementor-widget elementor-widget-icon-list\" data-id=\"5f43c8d4\" data-element_type=\"widget\" data-e-type=\"widget\" data-widget_type=\"icon-list.default\">\n\t\t\t\t<div class=\"elementor-widget-container\">\n\t\t\t\t\t\t\t<ul class=\"elementor-icon-list-items\">\n\t\t\t\t\t\t\t<li class=\"elementor-icon-list-item\">\n\t\t\t\t\t\t\t\t\t\t<span class=\"elementor-icon-list-text\">Central de Ajuda<\/span>\n\t\t\t\t\t\t\t\t\t<\/li>\n\t\t\t\t\t\t\t\t<li class=\"elementor-icon-list-item\">\n\t\t\t\t\t\t\t\t\t\t<span class=\"elementor-icon-list-text\"> Central de Ajuda Polly Closet Fashion<\/span>\n\t\t\t\t\t\t\t\t\t<\/li>\n\t\t\t\t\t\t\t\t<li class=\"elementor-icon-list-item\">\n\t\t\t\t\t\t\t\t\t\t<span class=\"elementor-icon-list-text\">Pagamentos<\/span>\n\t\t\t\t\t\t\t\t\t<\/li>\n\t\t\t\t\t\t<\/ul>\n\t\t\t\t\t\t<\/div>\n\t\t\t\t<\/div>\n\t\t\t\t<div class=\"elementor-element elementor-element-67d276b1 elementor-widget elementor-widget-heading\" data-id=\"67d276b1\" data-element_type=\"widget\" data-e-type=\"widget\" data-widget_type=\"heading.default\">\n\t\t\t\t<div class=\"elementor-widget-container\">\n\t\t\t\t\t<h2 class=\"elementor-heading-title elementor-size-default\">D\u00favidas frequentes<\/h2>\t\t\t\t<\/div>\n\t\t\t\t<\/div>\n\t\t\t\t<div class=\"elementor-element elementor-element-3185c75d elementor-align-start elementor-icon-list--layout-traditional elementor-list-item-link-full_width elementor-widget elementor-widget-icon-list\" data-id=\"3185c75d\" data-element_type=\"widget\" data-e-type=\"widget\" data-widget_type=\"icon-list.default\">\n\t\t\t\t<div class=\"elementor-widget-container\">\n\t\t\t\t\t\t\t<ul class=\"elementor-icon-list-items\">\n\t\t\t\t\t\t\t<li class=\"elementor-icon-list-item\">\n\t\t\t\t\t\t\t\t\t\t\t<span class=\"elementor-icon-list-icon\">\n\t\t\t\t\t\t\t<i aria-hidden=\"true\" class=\"fas fa-money-check-alt\"><\/i>\t\t\t\t\t\t<\/span>\n\t\t\t\t\t\t\t\t\t\t<span class=\"elementor-icon-list-text\">Pagamentos<\/span>\n\t\t\t\t\t\t\t\t\t<\/li>\n\t\t\t\t\t\t<\/ul>\n\t\t\t\t\t\t<\/div>\n\t\t\t\t<\/div>\n\t\t\t\t<div class=\"elementor-element elementor-element-46bd063 elementor-widget elementor-widget-text-editor\" data-id=\"46bd063\" data-element_type=\"widget\" data-e-type=\"widget\" data-widget_type=\"text-editor.default\">\n\t\t\t\t<div class=\"elementor-widget-container\">\n\t\t\t\t\t\t\t\t\t<p><span style=\"font-weight: 400;\">\u00a0Conhe\u00e7a o Cart\u00e3o Polly Closet Fashion e os meios de <\/span><span style=\"font-weight: 400;\">pagamentos aceitos na Polly Closet Fashion.<\/span><\/p>\t\t\t\t\t\t\t\t<\/div>\n\t\t\t\t<\/div>\n\t\t\t\t<div class=\"vamtam-has-theme-widget-styles elementor-element elementor-element-5be74316 elementor-tabs-view-horizontal elementor-widget elementor-widget-tabs\" data-id=\"5be74316\" data-element_type=\"widget\" data-e-type=\"widget\" data-widget_type=\"tabs.default\">\n\t\t\t\t<div class=\"elementor-widget-container\">\n\t\t\t\t\t\t\t<div class=\"elementor-tabs\">\n\t\t\t<div class=\"elementor-tabs-wrapper\" role=\"tablist\" >\n\t\t\t\t\t\t\t\t\t<div id=\"elementor-tab-title-1541\" class=\"elementor-tab-title elementor-tab-desktop-title\" aria-selected=\"true\" data-tab=\"1\" role=\"tab\" tabindex=\"0\" aria-controls=\"elementor-tab-content-1541\" aria-expanded=\"false\">Polly Closet Fashion Pay <\/div>\n\t\t\t\t\t\t\t\t\t<div id=\"elementor-tab-title-1542\" class=\"elementor-tab-title elementor-tab-desktop-title\" aria-selected=\"false\" data-tab=\"2\" role=\"tab\" tabindex=\"-1\" aria-controls=\"elementor-tab-content-1542\" aria-expanded=\"false\">Cart\u00e3o Polly Closet Fashion <\/div>\n\t\t\t\t\t\t\t\t\t<div id=\"elementor-tab-title-1543\" class=\"elementor-tab-title elementor-tab-desktop-title\" aria-selected=\"false\" data-tab=\"3\" role=\"tab\" tabindex=\"-1\" aria-controls=\"elementor-tab-content-1543\" aria-expanded=\"false\">Outros meios de pagamento<\/div>\n\t\t\t\t\t\t\t<\/div>\n\t\t\t<div class=\"elementor-tabs-content-wrapper\" role=\"tablist\" aria-orientation=\"vertical\">\n\t\t\t\t\t\t\t\t\t<div class=\"elementor-tab-title elementor-tab-mobile-title\" aria-selected=\"true\" data-tab=\"1\" role=\"tab\" tabindex=\"0\" aria-controls=\"elementor-tab-content-1541\" aria-expanded=\"false\">Polly Closet Fashion Pay <\/div>\n\t\t\t\t\t<div id=\"elementor-tab-content-1541\" class=\"elementor-tab-content elementor-clearfix\" data-tab=\"1\" role=\"tabpanel\" aria-labelledby=\"elementor-tab-title-1541\" tabindex=\"0\" hidden=\"false\"><p><b>O que \u00e9 e como funciona o Polly Closet Fashion Pay?<\/b><\/p><p><span style=\"font-weight: 400;\">Polly Closet Fashion Pay \u00e9 o cart\u00e3o de cr\u00e9dito digital da Polly Closet Fashion.<\/span><\/p><p><span style=\"font-weight: 400;\">Ele \u00e9 gratuito, sem anuidade e te d\u00e1 limite de cr\u00e9dito e benef\u00edcios Ama exclusivos para comprar na Polly Closet Fashion.<\/span><\/p><p><span style=\"font-weight: 400;\">Comprando com o Polly Closet Fashion Pay em uma loja f\u00edsica ou on-line da Polly Closet Fashion, voc\u00ea ainda pode parcelar em ainda mais vezes do que as outras formas de pagamento.<\/span><\/p><p><span style=\"font-weight: 400;\">O Polly Closet Fashion Pay n\u00e3o \u00e9 um cart\u00e3o f\u00edsico. Isso quer dizer que voc\u00ea e s\u00f3 vai precisar do seu celular para pagar as compras na loja, no site e no app da Polly Closet Fashion.<\/span><\/p><p><span style=\"font-weight: 400;\">Tudo sobre a sua conta Polly Closet Fashion Pay tamb\u00e9m dever\u00e1 ser consultado atrav\u00e9s do celular.<\/span><\/p><p>\u00a0<\/p><p><b>Como fa\u00e7o o meu Polly Closet Fashion Pay?<\/b><\/p><p><span style=\"font-weight: 400;\">Passo a passo para solicitar o seu Polly Closet Fashion Pay<\/span><\/p><p><span style=\"font-weight: 400;\">1) Baixe o app Polly Closet Fashion Pay no seu celular:<\/span><\/p><p><span style=\"font-weight: 400;\">| Download Google Store | \u00a0 \u00a0 | Download Apple |<\/span><\/p><p><span style=\"font-weight: 400;\">2) Abra o app Polly Closet Fashion Pay e toque em &#8220;Quero o meu cart\u00e3o Polly Closet Fashion Pay&#8221;;<\/span><\/p><p><span style=\"font-weight: 400;\">3) Siga o passo a passo indicado na tela e comece a comprar.<\/span><\/p><p><span style=\"font-weight: 400;\">Se preferir, voc\u00ea tamb\u00e9m pode solicitar seu Polly Closet Fashion Pay em qualquer loja Polly Closet Fashion.<\/span><\/p><p><span style=\"font-weight: 400;\">O Polly Closet Fashion Pay \u00e9 f\u00e1cil de fazer e simples de usar!<\/span><\/p><p>\u00a0<\/p><p><b>Como solicitar a 2\u00aa via da fatura do Polly Closet Fashion Pay?<\/b><\/p><p><span style=\"font-weight: 400;\">Abra o app Polly Closet Fashion em seu dispositivo m\u00f3vel. Acesse o Polly Closet Fashion Pay pela barra de menu ao lado esquerdo, ou no \u00edcone do cart\u00e3o que est\u00e1 na parte superior do app, ao lado do cora\u00e7\u00e3o de itens favoritados. Fa\u00e7a login em sua conta do Polly Closet Fashion Pay utilizando suas credenciais. No menu principal, localize e clique na op\u00e7\u00e3o &#8220;Fatura Atual&#8221;. Selecione o m\u00eas de fatura desejado para visualizar os detalhes. Ap\u00f3s revisar os detalhes da fatura, clique na op\u00e7\u00e3o &#8220;Pagar Fatura&#8221;. Escolha a forma de pagamento desejada: boleto banc\u00e1rio ou parcelamento da fatura. Siga as instru\u00e7\u00f5es na tela para concluir o processo de pagamento. Ap\u00f3s a confirma\u00e7\u00e3o do pagamento, sua fatura ser\u00e1 liquidada e voc\u00ea receber\u00e1 a confirma\u00e7\u00e3o por e-mail.<\/span><\/p><p><span style=\"font-weight: 400;\">Pronto! Agora voc\u00ea pode acessar e pagar sua fatura do Polly Closet Fashion Pay de forma r\u00e1pida e f\u00e1cil diretamente pelo app Polly Closet Fashion.<\/span><\/p><p><span style=\"font-weight: 400;\">Voc\u00ea tamb\u00e9m pode solicitar a segunda via da fatura do Polly Closet Fashion Pay atrav\u00e9s do WhatsApp do Polly Closet Fashion Pay. Ou se preferir, voc\u00ea tamb\u00e9m pode solicitar no nosso chat on-line <\/span><a href=\"https:\/\/pollyclosetfashion.com.br\/en\/atendimento\/pagamentos\/fatura-pollyclosetfashion-pay\/\"><span style=\"font-weight: 400;\">https:\/\/www.pollyclosetfashion.com.br\/atendimento\/pagamentos\/fatura-pollyclosetfashion-pay<\/span><\/a><\/p><p>\u00a0<\/p><p><b>Entenda melhor a sua fatura Polly Closet Fashion Pay<\/b><\/p><p><span style=\"font-weight: 400;\">A fatura \u00e9 composta pelas compras e pagamentos realizados, seguros contratados e poss\u00edveis altera\u00e7\u00f5es de plano de pagamento ou antecipa\u00e7\u00e3o de pagamento. As cobran\u00e7as de juros, encargos, multas e IOF tamb\u00e9m est\u00e3o presentes na fatura.<\/span><\/p><p><span style=\"font-weight: 400;\">Se o valor da sua fatura atual for acima de R$ 8,99, voc\u00ea ir\u00e1 receb\u00ea-la ap\u00f3s a data de corte por e-mail e SMS. Voc\u00ea poder\u00e1 pag\u00e1-la em uma loja Polly Closet Fashion, no app do seu banco ou em uma lot\u00e9rica.<\/span><\/p><p><span style=\"font-weight: 400;\">Se o valor da sua fatura atual for inferior a R$ 8,99, ela ser\u00e1 cobrada somente na fatura seguinte, sem o acr\u00e9scimo de encargos, juros, multas ou IOF.<\/span><\/p><p><span style=\"font-weight: 400;\">Se mesmo assim voc\u00ea desejar realizar o pagamento, dirija-se at\u00e9 uma loja Polly Closet Fashion, que um associado ir\u00e1 te ajudar.<\/span><\/p><p><span style=\"font-weight: 400;\">Se voc\u00ea solicitou uma altera\u00e7\u00e3o no plano de pagamento, essa transa\u00e7\u00e3o vir\u00e1 com a data do pedido de altera\u00e7\u00e3o, e n\u00e3o de compra.<\/span><\/p><p>\u00a0<\/p><p><b>Como cancelo um seguro contratado do Polly Closet Fashion Pay?<\/b><\/p><p><span style=\"font-weight: 400;\">Para cancelar a contrata\u00e7\u00e3o de um seguro ou assist\u00eancia, entre em contato atrav\u00e9s do chat on-line ou do WhatsApp.<\/span><\/p><p>\u00a0<\/p><p><b>Como altero o meu plano de pagamento no Polly Closet Fashion Pay?<\/b><\/p><p><span style=\"font-weight: 400;\">As altera\u00e7\u00f5es no plano de pagamento s\u00f3 podem ser realizadas para compras que ainda est\u00e3o dentro da cobran\u00e7a da 2\u0343\u00aa parcela. Transa\u00e7\u00f5es realizadas no site ou app da Polly Closet Fashion n\u00e3o podem ter o seu plano de pagamento alterado.<\/span><\/p><p><span style=\"font-weight: 400;\">Se voc\u00ea deseja alterar o plano de pagamento de uma compra realizada na loja, entre em contato atrav\u00e9s dos nossos canais de atendimento. O atendimento \u00e9 realizado de segunda a sexta das 08h \u00e0s 18h e, s\u00e1bado das 08h \u00e1s 14h.<\/span><\/p><p><span style=\"font-weight: 400;\">Atendimento Polly Closet Fashion Pay<\/span><\/p><p><span style=\"font-weight: 400;\">Entre em contato atrav\u00e9s dos nossos canais de atendimento. O atendimento \u00e9 realizado de segunda a sexta das 08h \u00e0s 18h e, s\u00e1bado das 08h \u00e1s 14h.<\/span><\/p><p><span style=\"font-weight: 400;\">Voc\u00ea tamb\u00e9m pode solicitar a segunda via da fatura, consultar o limite do cart\u00e3o e acessar outros servi\u00e7os do Polly Closet Fashion Pay atrav\u00e9s do WhatsApp.<\/span><\/p><p><span style=\"font-weight: 400;\">Se preferir, voc\u00ea pode enviar um e-mail para <\/span><a href=\"http:\/\/faleconosco@pollyclosetfashion.com.br\/en\/\"><span style=\"font-weight: 400;\">faleconosco@pollyclosetfashion.com.br<\/span><\/a><span style=\"font-weight: 400;\">.<\/span><\/p><p>\u00a0<\/p><p><b>Qual \u00e9 a diferen\u00e7a entre Polly Closet Fashion Pay e Cart\u00e3o Polly Closet Fashion?<\/b><\/p><p><b>Polly Closet Fashion Pay<\/b><\/p><p><span style=\"font-weight: 400;\">Polly Closet Fashion Pay \u00e9 o cart\u00e3o de cr\u00e9dito digital da Polly Closet Fashion para uso exclusivo nas lojas, no app e no site da Polly Closet Fashion. O Polly Closet Fashion Pay n\u00e3o possui anuidade.<\/span><\/p><p><b>Cart\u00e3o Polly Closet Fashion<\/b><\/p><p><span style=\"font-weight: 400;\">Cart\u00e3o Polly Closet Fashion \u00e9 o cart\u00e3o de cr\u00e9dito f\u00edsico, operado pela Bradescard, que pode ser utilizado para comprar em outros estabelecimentos, sacar dinheiro e at\u00e9 parcelar boletos. O cart\u00e3o Polly Closet Fashion possui anuidade.<\/span><\/p><p>\u00a0<\/p><p><b>Atendimento Polly Closet Fashion Pay<\/b><\/p><p><span style=\"font-weight: 400;\">Entre em contato atrav\u00e9s dos nossos canais de atendimento. O atendimento \u00e9 realizado de segunda a sexta das 08h \u00e0s 18h e, s\u00e1bado das 08h \u00e1s 14h.<\/span><\/p><p><span style=\"font-weight: 400;\">Voc\u00ea tamb\u00e9m pode solicitar a segunda via da fatura, consultar o limite do cart\u00e3o e acessar outros servi\u00e7os do Polly Closet Fashion Pay atrav\u00e9s do WhatsApp.<\/span><\/p><p><span style=\"font-weight: 400;\">Se preferir, voc\u00ea pode enviar um e-mail para <\/span><a href=\"http:\/\/faleconosco@pollyclosetfashion.com.br\/en\/\"><span style=\"font-weight: 400;\">faleconosco@pollyclosetfashion.com.br<\/span><\/a><span style=\"font-weight: 400;\">.<\/span><\/p><\/div>\n\t\t\t\t\t\t\t\t\t<div class=\"elementor-tab-title elementor-tab-mobile-title\" aria-selected=\"false\" data-tab=\"2\" role=\"tab\" tabindex=\"-1\" aria-controls=\"elementor-tab-content-1542\" aria-expanded=\"false\">Cart\u00e3o Polly Closet Fashion <\/div>\n\t\t\t\t\t<div id=\"elementor-tab-content-1542\" class=\"elementor-tab-content elementor-clearfix\" data-tab=\"2\" role=\"tabpanel\" aria-labelledby=\"elementor-tab-title-1542\" tabindex=\"0\" hidden=\"hidden\"><p><b>O que \u00e9 e como funciona o Cart\u00e3o Polly Closet Fashion?<\/b><\/p><p><span style=\"font-weight: 400;\">O cart\u00e3o Polly Closet Fashion \u00e9 o cart\u00e3o de cr\u00e9dito da Polly Closet Fashion.<\/span><\/p><p><span style=\"font-weight: 400;\">Com o Cart\u00e3o Polly Closet Fashion voc\u00ea consegue comprar em outras lojas, sacar dinheiro e at\u00e9 pagar algumas contas em at\u00e9 3x sem juros.<\/span><\/p><p><span style=\"font-weight: 400;\">Al\u00e9m disso, o cart\u00e3o Polly Closet Fashion permite que voc\u00ea tenha um parcelamento especial nas lojas, no site e no app da Polly Closet Fashion.<\/span><\/p><p>\u00a0<\/p><p><b>Como fa\u00e7o o meu Cart\u00e3o Polly Closet Fashion?<\/b><\/p><p><span style=\"font-weight: 400;\">Para obter o cart\u00e3o Polly Closet Fashion e todas as suas vantagens, \u00e9 s\u00f3 ir at\u00e9 uma loja Polly Closet Fashion e apresentar os seguintes documentos: RG e CPF originais e um comprovante de renda.<\/span><\/p><p><span style=\"font-weight: 400;\">Se voc\u00ea exercer um trabalho aut\u00f4nomo, dever\u00e1 apresentar o extrato banc\u00e1rio dos \u00faltimos 6 meses.<\/span><\/p><p><span style=\"font-weight: 400;\">Vale lembrar que voc\u00ea precisa ser maior de 18 anos, n\u00e3o ter restri\u00e7\u00f5es de cr\u00e9dito (SPC e Serasa) e trabalhar h\u00e1 pelo menos 3 meses.<\/span><\/p><p>\u00a0<\/p><p><b>Como solicitar a 2\u00aa via da fatura do Cart\u00e3o Polly Closet Fashion?<\/b><\/p><p><span style=\"font-weight: 400;\">Voc\u00ea pode solicitar 2\u00aa via da fatura do seu Cart\u00e3o Polly Closet Fashion em qualquer loja f\u00edsica da Polly Closet Fashion. Se preferir, voc\u00ea tamb\u00e9m pode:<\/span><\/p><p><b>Solicitar atrav\u00e9s do app Polly Closet Fashion<\/b><\/p><p><span style=\"font-weight: 400;\">Ao entrar no app Polly Closet Fashion com seu e-mail e senha, selecione &#8220;Cart\u00e3o Polly Closet Fashion&#8221;, &#8220;Pagar fatura&#8221; e siga o passo a passo na tela do seu celular.<\/span><\/p><p><span style=\"font-weight: 400;\">Se voc\u00ea ainda n\u00e3o tem o app Polly Closet Fashion instalado, baixe agora:<\/span><\/p><p><span style=\"font-weight: 400;\">| Download Google Store | \u00a0 \u00a0 | Download Apple |<\/span><\/p><p><b>Solicitar atrav\u00e9s da Central de Atendimento Polly Closet Fashion<\/b><\/p><p><span style=\"font-weight: 400;\">O n\u00famero de telefone \u00e9 62 *****-****. O atendimento \u00e9 realizado de segunda a s\u00e1bado, das 08h \u00e0s 14h.<\/span><\/p><p>\u00a0<\/p><p><b>Como acessar o extrato do Cart\u00e3o Polly Closet Fashion?<\/b><\/p><p><span style=\"font-weight: 400;\">Voc\u00ea pode consultar o extrato do seu cart\u00e3o Polly Closet Fashion atrav\u00e9s do <\/span><a href=\"http:\/\/www\"><span style=\"font-weight: 400;\">site<\/span><\/a><span style=\"font-weight: 400;\">, no app Polly Closet Fashion ou solicit\u00e1-lo atrav\u00e9s da Central de Atendimento.\u00a0<\/span><\/p><p><span style=\"font-weight: 400;\">O n\u00famero de telefone \u00e9 (62) 62 *****-****. O atendimento \u00e9 realizado de segunda a s\u00e1bado, das 08h \u00e0s 14h.<\/span><\/p><p>\u00a0<\/p><p><b>Entenda a diferen\u00e7a entre o Polly Closet Fashion Pay e o Cart\u00e3o Polly Closet Fashion<\/b><\/p><p><span style=\"font-weight: 400;\">Polly Closet Fashion Pay \u00e9 o cart\u00e3o de cr\u00e9dito digital da Polly Closet Fashion para uso exclusivo nas lojas, no app e no site da Polly Closet Fashion. O Polly Closet Fashion Pay n\u00e3o possui anuidade.<\/span><\/p><p><span style=\"font-weight: 400;\">O cart\u00e3o Polly Closet Fashion \u00e9 um cart\u00e3o de cr\u00e9dito f\u00edsico, operado pela Bradescard, que pode ser utilizado para comprar em outros estabelecimentos, sacar dinheiro e at\u00e9 parcelar boletos. O cart\u00e3o Polly Closet Fashion possui anuidade.<\/span><\/p><p>\u00a0<\/p><p><b>Atendimento Cart\u00e3o Polly Closet Fashion<\/b><\/p><p><span style=\"font-weight: 400;\">O telefone da Central de Atendimento do Cart\u00e3o Polly Closet Fashion \u00e9 62 *****-****. O atendimento \u00e9 realizado de segunda a s\u00e1bado, das 08h \u00e0s 14h.<\/span><\/p><\/div>\n\t\t\t\t\t\t\t\t\t<div class=\"elementor-tab-title elementor-tab-mobile-title\" aria-selected=\"false\" data-tab=\"3\" role=\"tab\" tabindex=\"-1\" aria-controls=\"elementor-tab-content-1543\" aria-expanded=\"false\">Outros meios de pagamento<\/div>\n\t\t\t\t\t<div id=\"elementor-tab-content-1543\" class=\"elementor-tab-content elementor-clearfix\" data-tab=\"3\" role=\"tabpanel\" aria-labelledby=\"elementor-tab-title-1543\" tabindex=\"0\" hidden=\"hidden\"><p><\/p>\n<p><b>Loja f\u00edsica: quais s\u00e3o os meios de pagamento e formas de parcelamento?<\/b><\/p>\n<p><\/p>\n<p><span style=\"font-weight: 400;\">Atualmente, os meios de pagamento aceitos na loja f\u00edsica s\u00e3o:<\/span><\/p>\n<p><\/p>\n<p><span style=\"font-weight: 400;\">&nbsp;Dinheiro;<\/span><\/p>\n<p><span style=\"font-weight: 400;\">&nbsp;Pix;<\/span><\/p>\n<p><span style=\"font-weight: 400;\">&nbsp;Cart\u00e3o de cr\u00e9dito;<\/span><\/p>\n<p><span style=\"font-weight: 400;\">&nbsp;Cart\u00e3o de d\u00e9bito;<\/span><\/p>\n<p><span style=\"font-weight: 400;\">&nbsp;Polly Closet Fashion Pay;<\/span><\/p>\n<p><span style=\"font-weight: 400;\">&nbsp;Cart\u00e3o Polly Closet Fashion;<\/span><\/p>\n<p><span style=\"font-weight: 400;\">&nbsp;Vale-troca;<\/span><\/p>\n<p><span style=\"font-weight: 400;\">&nbsp;Cart\u00e3o presente;<\/span><\/p>\n<p><\/p>\n<p><span style=\"font-weight: 400;\">As formas de parcelamento e as cobran\u00e7as de juros podem variar. Consulte as condi\u00e7\u00f5es vigentes no momento da com<\/span><\/p>\n<p><b><br><\/b><\/p><p><b>Site e app Polly Closet Fashion: quais s\u00e3o os meios de pagamento e formas de parcelamento?<\/b><\/p>\n<p><\/p>\n<p><span style=\"font-weight: 400;\">Atualmente, os meios de pagamento aceitos no site e no app Polly Closet Fashion s\u00e3o:<\/span><\/p>\n<p><\/p>\n<p><span style=\"font-weight: 400;\">&nbsp;Pix;<\/span><\/p>\n<p><span style=\"font-weight: 400;\">&nbsp;Cart\u00e3o de cr\u00e9dito;<\/span><\/p>\n<p><span style=\"font-weight: 400;\">&nbsp;C&amp;A Polly Closet Fashion;<\/span><\/p>\n<p><span style=\"font-weight: 400;\">&nbsp;Cart\u00e3o Polly Closet Fashion;<\/span><\/p>\n<p><span style=\"font-weight: 400;\">&nbsp;Vale-troca;<\/span><\/p>\n<p><span style=\"font-weight: 400;\">&nbsp;Cart\u00e3o presente.<\/span><\/p>\n<p><\/p>\n<p><span style=\"font-weight: 400;\">As formas de parcelamento e as cobran\u00e7as de juros podem variar. Consulte as condi\u00e7\u00f5es vigentes no momento da compra.<\/span><\/p><\/div>\n\t\t\t\t\t\t\t<\/div>\n\t\t<\/div>\n\t\t\t\t\t\t<\/div>\n\t\t\t\t<\/div>\n\t\t\t\t\t<\/div>\n\t\t\t\t<\/div>\n\t\t\t\t<\/div>","protected":false},"excerpt":{"rendered":"<p>Central de Ajuda Central de Ajuda Polly Closet Fashion Pagamentos Central de Ajuda Central de Ajuda Polly Closet Fashion Pagamentos D\u00favidas frequentes Pagamentos \u00a0Conhe\u00e7a o Cart\u00e3o Polly Closet Fashion e os meios de pagamentos aceitos na Polly Closet Fashion. Polly Closet Fashion Pay Cart\u00e3o Polly Closet Fashion Outros meios de pagamento Polly Closet Fashion Pay&#8230;<\/p>","protected":false},"author":2,"featured_media":0,"parent":0,"menu_order":0,"comment_status":"closed","ping_status":"closed","template":"","meta":{"_joinchat":[],"footnotes":""},"class_list":["post-988865","page","type-page","status-publish","hentry"],"_links":{"self":[{"href":"https:\/\/pollyclosetfashion.com.br\/en\/wp-json\/wp\/v2\/pages\/988865"}],"collection":[{"href":"https:\/\/pollyclosetfashion.com.br\/en\/wp-json\/wp\/v2\/pages"}],"about":[{"href":"https:\/\/pollyclosetfashion.com.br\/en\/wp-json\/wp\/v2\/types\/page"}],"author":[{"embeddable":true,"href":"https:\/\/pollyclosetfashion.com.br\/en\/wp-json\/wp\/v2\/users\/2"}],"replies":[{"embeddable":true,"href":"https:\/\/pollyclosetfashion.com.br\/en\/wp-json\/wp\/v2\/comments?post=988865"}],"version-history":[{"count":13,"href":"https:\/\/pollyclosetfashion.com.br\/en\/wp-json\/wp\/v2\/pages\/988865\/revisions"}],"predecessor-version":[{"id":988924,"href":"https:\/\/pollyclosetfashion.com.br\/en\/wp-json\/wp\/v2\/pages\/988865\/revisions\/988924"}],"wp:attachment":[{"href":"https:\/\/pollyclosetfashion.com.br\/en\/wp-json\/wp\/v2\/media?parent=988865"}],"curies":[{"name":"wp","href":"https:\/\/api.w.org\/{rel}","templated":true}]}}