{"id":988871,"date":"2024-09-03T20:46:56","date_gmt":"2024-09-03T20:46:56","guid":{"rendered":"https:\/\/pollycloset.waleedabbas.com\/?page_id=988871"},"modified":"2024-09-03T20:52:07","modified_gmt":"2024-09-03T20:52:07","slug":"vouchers-coupons-and-consultant-code","status":"publish","type":"page","link":"https:\/\/pollyclosetfashion.com.br\/en\/vouchers-coupons-and-consultant-code\/","title":{"rendered":"Vouchers, coupons and consultant code"},"content":{"rendered":"<div data-elementor-type=\"wp-page\" data-elementor-id=\"988871\" class=\"elementor elementor-988871\" data-elementor-post-type=\"page\">\n\t\t\t\t<div class=\"elementor-element elementor-element-1009f200 e-flex e-con-boxed e-con e-parent\" data-id=\"1009f200\" data-element_type=\"container\" data-e-type=\"container\">\n\t\t\t\t\t<div class=\"e-con-inner\">\n\t\t\t\t<div class=\"elementor-element elementor-element-218c4eb5 elementor-icon-list--layout-inline elementor-hidden-mobile elementor-list-item-link-full_width elementor-widget elementor-widget-icon-list\" data-id=\"218c4eb5\" data-element_type=\"widget\" data-e-type=\"widget\" data-widget_type=\"icon-list.default\">\n\t\t\t\t<div class=\"elementor-widget-container\">\n\t\t\t\t\t\t\t<ul class=\"elementor-icon-list-items elementor-inline-items\">\n\t\t\t\t\t\t\t<li class=\"elementor-icon-list-item elementor-inline-item\">\n\t\t\t\t\t\t\t\t\t\t<span class=\"elementor-icon-list-text\">Central de Ajuda<\/span>\n\t\t\t\t\t\t\t\t\t<\/li>\n\t\t\t\t\t\t\t\t<li class=\"elementor-icon-list-item elementor-inline-item\">\n\t\t\t\t\t\t\t\t\t\t<span class=\"elementor-icon-list-text\"> Central de Ajuda Polly Closet Fashion<\/span>\n\t\t\t\t\t\t\t\t\t<\/li>\n\t\t\t\t\t\t\t\t<li class=\"elementor-icon-list-item elementor-inline-item\">\n\t\t\t\t\t\t\t\t\t\t<span class=\"elementor-icon-list-text\">Vales, cupons e c\u00f3digo do consultor<\/span>\n\t\t\t\t\t\t\t\t\t<\/li>\n\t\t\t\t\t\t<\/ul>\n\t\t\t\t\t\t<\/div>\n\t\t\t\t<\/div>\n\t\t\t\t<div class=\"elementor-element elementor-element-5906df9e elementor-hidden-desktop elementor-hidden-tablet elementor-icon-list--layout-traditional elementor-list-item-link-full_width elementor-widget elementor-widget-icon-list\" data-id=\"5906df9e\" data-element_type=\"widget\" data-e-type=\"widget\" data-widget_type=\"icon-list.default\">\n\t\t\t\t<div class=\"elementor-widget-container\">\n\t\t\t\t\t\t\t<ul class=\"elementor-icon-list-items\">\n\t\t\t\t\t\t\t<li class=\"elementor-icon-list-item\">\n\t\t\t\t\t\t\t\t\t\t<span class=\"elementor-icon-list-text\">Central de Ajuda<\/span>\n\t\t\t\t\t\t\t\t\t<\/li>\n\t\t\t\t\t\t\t\t<li class=\"elementor-icon-list-item\">\n\t\t\t\t\t\t\t\t\t\t<span class=\"elementor-icon-list-text\"> Central de Ajuda Polly Closet Fashion<\/span>\n\t\t\t\t\t\t\t\t\t<\/li>\n\t\t\t\t\t\t\t\t<li class=\"elementor-icon-list-item\">\n\t\t\t\t\t\t\t\t\t\t<span class=\"elementor-icon-list-text\">Vales, cupons e c\u00f3digo do consultor<\/span>\n\t\t\t\t\t\t\t\t\t<\/li>\n\t\t\t\t\t\t<\/ul>\n\t\t\t\t\t\t<\/div>\n\t\t\t\t<\/div>\n\t\t\t\t<div class=\"elementor-element elementor-element-47c32b8 elementor-widget elementor-widget-heading\" data-id=\"47c32b8\" data-element_type=\"widget\" data-e-type=\"widget\" data-widget_type=\"heading.default\">\n\t\t\t\t<div class=\"elementor-widget-container\">\n\t\t\t\t\t<h2 class=\"elementor-heading-title elementor-size-default\">D\u00favidas frequentes<\/h2>\t\t\t\t<\/div>\n\t\t\t\t<\/div>\n\t\t\t\t<div class=\"elementor-element elementor-element-1b7ee72a elementor-align-start elementor-icon-list--layout-traditional elementor-list-item-link-full_width elementor-widget elementor-widget-icon-list\" data-id=\"1b7ee72a\" data-element_type=\"widget\" data-e-type=\"widget\" data-widget_type=\"icon-list.default\">\n\t\t\t\t<div class=\"elementor-widget-container\">\n\t\t\t\t\t\t\t<ul class=\"elementor-icon-list-items\">\n\t\t\t\t\t\t\t<li class=\"elementor-icon-list-item\">\n\t\t\t\t\t\t\t\t\t\t\t<span class=\"elementor-icon-list-icon\">\n\t\t\t\t\t\t\t<i aria-hidden=\"true\" class=\"fas fa-newspaper\"><\/i>\t\t\t\t\t\t<\/span>\n\t\t\t\t\t\t\t\t\t\t<span class=\"elementor-icon-list-text\">Vales, cupons e c\u00f3digo do consultor<\/span>\n\t\t\t\t\t\t\t\t\t<\/li>\n\t\t\t\t\t\t<\/ul>\n\t\t\t\t\t\t<\/div>\n\t\t\t\t<\/div>\n\t\t\t\t<div class=\"elementor-element elementor-element-e8d9a5a elementor-widget elementor-widget-text-editor\" data-id=\"e8d9a5a\" data-element_type=\"widget\" data-e-type=\"widget\" data-widget_type=\"text-editor.default\">\n\t\t\t\t<div class=\"elementor-widget-container\">\n\t\t\t\t\t\t\t\t\t<p>Informa\u00e7\u00f5es sobre c\u00f3digo do consultor, vales e cupons de desconto.<\/p>\t\t\t\t\t\t\t\t<\/div>\n\t\t\t\t<\/div>\n\t\t\t\t<div class=\"vamtam-has-theme-widget-styles elementor-element elementor-element-69d8cccf elementor-tabs-view-horizontal elementor-widget elementor-widget-tabs\" data-id=\"69d8cccf\" data-element_type=\"widget\" data-e-type=\"widget\" data-widget_type=\"tabs.default\">\n\t\t\t\t<div class=\"elementor-widget-container\">\n\t\t\t\t\t\t\t<div class=\"elementor-tabs\">\n\t\t\t<div class=\"elementor-tabs-wrapper\" role=\"tablist\" >\n\t\t\t\t\t\t\t\t\t<div id=\"elementor-tab-title-1771\" class=\"elementor-tab-title elementor-tab-desktop-title\" aria-selected=\"true\" data-tab=\"1\" role=\"tab\" tabindex=\"0\" aria-controls=\"elementor-tab-content-1771\" aria-expanded=\"false\">Vale Troca<\/div>\n\t\t\t\t\t\t\t\t\t<div id=\"elementor-tab-title-1772\" class=\"elementor-tab-title elementor-tab-desktop-title\" aria-selected=\"false\" data-tab=\"2\" role=\"tab\" tabindex=\"-1\" aria-controls=\"elementor-tab-content-1772\" aria-expanded=\"false\">Cart\u00e3o Presente<\/div>\n\t\t\t\t\t\t\t\t\t<div id=\"elementor-tab-title-1773\" class=\"elementor-tab-title elementor-tab-desktop-title\" aria-selected=\"false\" data-tab=\"3\" role=\"tab\" tabindex=\"-1\" aria-controls=\"elementor-tab-content-1773\" aria-expanded=\"false\">Cupom de desconto<\/div>\n\t\t\t\t\t\t\t\t\t<div id=\"elementor-tab-title-1774\" class=\"elementor-tab-title elementor-tab-desktop-title\" aria-selected=\"false\" data-tab=\"4\" role=\"tab\" tabindex=\"-1\" aria-controls=\"elementor-tab-content-1774\" aria-expanded=\"false\">C\u00f3digo do consultor<\/div>\n\t\t\t\t\t\t\t<\/div>\n\t\t\t<div class=\"elementor-tabs-content-wrapper\" role=\"tablist\" aria-orientation=\"vertical\">\n\t\t\t\t\t\t\t\t\t<div class=\"elementor-tab-title elementor-tab-mobile-title\" aria-selected=\"true\" data-tab=\"1\" role=\"tab\" tabindex=\"0\" aria-controls=\"elementor-tab-content-1771\" aria-expanded=\"false\">Vale Troca<\/div>\n\t\t\t\t\t<div id=\"elementor-tab-content-1771\" class=\"elementor-tab-content elementor-clearfix\" data-tab=\"1\" role=\"tabpanel\" aria-labelledby=\"elementor-tab-title-1771\" tabindex=\"0\" hidden=\"false\"><p><br \/><br \/><\/p><p><b>Vale-troca: o que \u00e9 e como usar?<\/b><\/p><p>\u00a0<\/p><p><span style=\"font-weight: 400;\">Vale-troca \u00e9 uma das formas de reembolso. Ele funciona como um cr\u00e9dito a ser utilizado em uma nova compra no site, loja ou app Polly Closet Fashion.<\/span><\/p><p>\u00a0<\/p><p><span style=\"font-weight: 400;\">O vale-troca sempre ser\u00e1 creditado com o valor pago pelo produto. No caso de uma compra realizada atrav\u00e9s do site, ser\u00e1 creditado o valor da pe\u00e7a + o valor do frete.<\/span><\/p><p>\u00a0<\/p><p><b>Vale-troca para compras na loja<\/b><\/p><p>\u00a0<\/p><p><span style=\"font-weight: 400;\">Se voc\u00ea comprou uma pe\u00e7a na loja f\u00edsica, saiba que tem at\u00e9 30 dias corridos para solicitar o seu vale-troca.<\/span><\/p><p>\u00a0<\/p><p><span style=\"font-weight: 400;\">Para isso, \u00e9 s\u00f3 ir at\u00e9 uma loja Polly Closet Fashion, apresentar o produto sem marcas de uso ainda com a etiqueta e a Nota Fiscal para um associado Polly Closet Fashion e solicitar o vale-troca.<\/span><\/p><p>\u00a0<\/p><p><span style=\"font-weight: 400;\">O vale-troca para compras na loja f\u00edsica \u00e9 um c\u00f3digo que deve ser guardado. Ele tem a validade de 30 dias e n\u00e3o pode ser renovado. Voc\u00ea pode utilizar mais de um vale-troca para pagar a mesma compra.<\/span><\/p><p>\u00a0<\/p><p><b>Vale-troca em compras do site ou app<\/b><\/p><p>\u00a0<\/p><p><span style=\"font-weight: 400;\">O vale-troca para pe\u00e7as compradas no site ou app \u00e9 gerado em at\u00e9 72h ap\u00f3s a pe\u00e7a retornar ao nosso Centro de Distribui\u00e7\u00e3o. Assim que o vale-troca for gerado, voc\u00ea receber\u00e1 um e-mail com o c\u00f3digo. O vale-troca para compras no site ou app tem at\u00e9 6 meses corridos para ser utilizado.<\/span><\/p><p>\u00a0<\/p><p><span style=\"font-weight: 400;\">Para utilizar um vale-troca no site ou app Polly Closet Fashion, \u00e9 s\u00f3 digitar o c\u00f3digo na se\u00e7\u00e3o &#8220;Vale-troca&#8221; em &#8220;Meios de pagamento&#8221; ao finalizar a compra.<\/span><\/p><\/div>\n\t\t\t\t\t\t\t\t\t<div class=\"elementor-tab-title elementor-tab-mobile-title\" aria-selected=\"false\" data-tab=\"2\" role=\"tab\" tabindex=\"-1\" aria-controls=\"elementor-tab-content-1772\" aria-expanded=\"false\">Cart\u00e3o Presente<\/div>\n\t\t\t\t\t<div id=\"elementor-tab-content-1772\" class=\"elementor-tab-content elementor-clearfix\" data-tab=\"2\" role=\"tabpanel\" aria-labelledby=\"elementor-tab-title-1772\" tabindex=\"0\" hidden=\"hidden\"><p><br \/><br \/><\/p><p><b>Cart\u00e3o Presente: o que \u00e9 e como usar?<\/b><\/p><p>\u00a0<\/p><p><span style=\"font-weight: 400;\">O Cart\u00e3o Presente Polly Closet Fashion \u00e9 um cart\u00e3o recarreg\u00e1vel (f\u00edsico ou digital) a ser utilizado para pagar suas compras nas lojas f\u00edsicas, no site e no app da Polly Closet Fashion.<\/span><\/p><p>\u00a0<\/p><p><span style=\"font-weight: 400;\">Os cr\u00e9ditos do Cart\u00e3o Presente Polly Closet Fashion t\u00eam a validade de 1 ano, a contar da data do \u00faltimo cr\u00e9dito.<\/span><\/p><p>\u00a0<\/p><p><b>Cart\u00e3o Presente em compras na loja<\/b><\/p><p>\u00a0<\/p><p><span style=\"font-weight: 400;\">Apresente o Cart\u00e3o Presente ao associado Polly Closet Fashion na hora do pagamento da compra. Ele ir\u00e1 cuidar de todo o resto. O uso de mais de um cart\u00e3o presente na mesma compra \u00e9 permitido, desde que a soma de uso n\u00e3o ultrapasse o valor de R$ 210,00 (duzentos e dez reais).<\/span><\/p><p>\u00a0<\/p><p><b>Cart\u00e3o Presente em compras no site ou app<\/b><\/p><p>\u00a0<\/p><p><span style=\"font-weight: 400;\">Na etapa de pagamento da compra, selecione &#8220;Vale-troca ou Cart\u00e3o Presente&#8221; e digite o c\u00f3digo do seu Cart\u00e3o Presente. Depois, \u00e9 s\u00f3 confirmar e finalizar a compra normalmente.<\/span><\/p><p>\u00a0<\/p><\/div>\n\t\t\t\t\t\t\t\t\t<div class=\"elementor-tab-title elementor-tab-mobile-title\" aria-selected=\"false\" data-tab=\"3\" role=\"tab\" tabindex=\"-1\" aria-controls=\"elementor-tab-content-1773\" aria-expanded=\"false\">Cupom de desconto<\/div>\n\t\t\t\t\t<div id=\"elementor-tab-content-1773\" class=\"elementor-tab-content elementor-clearfix\" data-tab=\"3\" role=\"tabpanel\" aria-labelledby=\"elementor-tab-title-1773\" tabindex=\"0\" hidden=\"hidden\"><p><br \/><br \/><\/p><p><b>Cupom de desconto: o que \u00e9 e como usar?<\/b><\/p><p>\u00a0<\/p><p><span style=\"font-weight: 400;\">Cupons de desconto s\u00e3o c\u00f3digos que podem ser adicionados na etapa de pagamento da compra para obter algum tipo de benef\u00edcio.<\/span><\/p><p><span style=\"font-weight: 400;\">Para encontrar todos os cupons ativos no momento, acesse a p\u00e1gina <\/span><a href=\"about:blank\"><span style=\"font-weight: 400;\">cupons de desconto Polly Closet Fashion<\/span><\/a><span style=\"font-weight: 400;\">.<\/span><\/p><\/div>\n\t\t\t\t\t\t\t\t\t<div class=\"elementor-tab-title elementor-tab-mobile-title\" aria-selected=\"false\" data-tab=\"4\" role=\"tab\" tabindex=\"-1\" aria-controls=\"elementor-tab-content-1774\" aria-expanded=\"false\">C\u00f3digo do consultor<\/div>\n\t\t\t\t\t<div id=\"elementor-tab-content-1774\" class=\"elementor-tab-content elementor-clearfix\" data-tab=\"4\" role=\"tabpanel\" aria-labelledby=\"elementor-tab-title-1774\" tabindex=\"0\" hidden=\"hidden\"><p><br \/><br \/><\/p><p><b>Cupom de desconto: o que \u00e9 e como usar?<\/b><\/p><p>\u00a0<\/p><p><span style=\"font-weight: 400;\">Cupons de desconto s\u00e3o c\u00f3digos que podem ser adicionados na etapa de pagamento da compra para obter algum tipo de benef\u00edcio.<\/span><\/p><p><span style=\"font-weight: 400;\">Para encontrar todos os cupons ativos no momento, acesse a p\u00e1gina <\/span><a href=\"about:blank\"><span style=\"font-weight: 400;\">cupons de desconto Polly Closet Fashion<\/span><\/a><span style=\"font-weight: 400;\">.<\/span><\/p><\/div>\n\t\t\t\t\t\t\t<\/div>\n\t\t<\/div>\n\t\t\t\t\t\t<\/div>\n\t\t\t\t<\/div>\n\t\t\t\t\t<\/div>\n\t\t\t\t<\/div>\n\t\t\t\t<\/div>","protected":false},"excerpt":{"rendered":"<p>Central de Ajuda Central de Ajuda Polly Closet Fashion Vales, cupons e c\u00f3digo do consultor Central de Ajuda Central de Ajuda Polly Closet Fashion Vales, cupons e c\u00f3digo do consultor D\u00favidas frequentes Vales, cupons e c\u00f3digo do consultor Informa\u00e7\u00f5es sobre c\u00f3digo do consultor, vales e cupons de desconto. Vale Troca Cart\u00e3o Presente Cupom de desconto&#8230;<\/p>","protected":false},"author":2,"featured_media":0,"parent":0,"menu_order":0,"comment_status":"closed","ping_status":"closed","template":"","meta":{"_joinchat":[],"footnotes":""},"class_list":["post-988871","page","type-page","status-publish","hentry"],"_links":{"self":[{"href":"https:\/\/pollyclosetfashion.com.br\/en\/wp-json\/wp\/v2\/pages\/988871"}],"collection":[{"href":"https:\/\/pollyclosetfashion.com.br\/en\/wp-json\/wp\/v2\/pages"}],"about":[{"href":"https:\/\/pollyclosetfashion.com.br\/en\/wp-json\/wp\/v2\/types\/page"}],"author":[{"embeddable":true,"href":"https:\/\/pollyclosetfashion.com.br\/en\/wp-json\/wp\/v2\/users\/2"}],"replies":[{"embeddable":true,"href":"https:\/\/pollyclosetfashion.com.br\/en\/wp-json\/wp\/v2\/comments?post=988871"}],"version-history":[{"count":4,"href":"https:\/\/pollyclosetfashion.com.br\/en\/wp-json\/wp\/v2\/pages\/988871\/revisions"}],"predecessor-version":[{"id":988876,"href":"https:\/\/pollyclosetfashion.com.br\/en\/wp-json\/wp\/v2\/pages\/988871\/revisions\/988876"}],"wp:attachment":[{"href":"https:\/\/pollyclosetfashion.com.br\/en\/wp-json\/wp\/v2\/media?parent=988871"}],"curies":[{"name":"wp","href":"https:\/\/api.w.org\/{rel}","templated":true}]}}